{"id":12195,"date":"2019-08-14T14:33:23","date_gmt":"2019-08-14T14:33:23","guid":{"rendered":"https:\/\/www.puromega.com\/innholdsdeklerasjon\/"},"modified":"2021-02-08T10:48:31","modified_gmt":"2021-02-08T10:48:31","slug":"innholdsdeklerasjon","status":"publish","type":"page","link":"https:\/\/www.puromega.com\/sv\/innholdsdeklerasjon\/","title":{"rendered":"PurOmega 95% inneh\u00e5llsdeklaration"},"content":{"rendered":"\n<hr class=\"wp-block-separator is-style-wide\"\/>\n\n<h3 class=\"wp-block-heading\">Inneh\u00e5llsdeklaration:<\/h3>\n\n<p><em>Per 1 kapsel<\/em><br>Fiskolja (&gt;95% Omega-3): 1000 mg<br>&#8211; Total Omega-3: 950 mg<br>&#8211; EPA (eikosapentaensyra, TG*): 460 mg<br>&#8211; DHA (dokosahexaensyra, TG*): 380 mg<br>Vitamin D3: 10 \u03bcg (200%**)<\/p>\n\n<p style=\"text-align:left\"><em>*) TG = Triglycerider **) Dagligt referensintag<\/em><br><\/p>\n\n<hr class=\"wp-block-separator is-style-wide\"\/>\n\n<h3 class=\"wp-block-heading\">Ingredienser:<\/h3>\n\n<p>Fiskolja (&gt;95 % omega-3), antioxidant (d-alfa-tokoferol, d-beta, d-delta och d-gamma-tokoferol, rosmarin (Rosmarinus officinalis L.)), kolekalciferol.\u00a0Vegetabilisk softgelkapsel: Hydroxypropyl-st\u00e4rkelse, glycerol, karragenan, dinatriumfosfat, renat vatten.<\/p>\n\n<hr class=\"wp-block-separator is-style-wide\"\/>\n\n<h3 class=\"wp-block-heading\">Produktinformation:<\/h3>\n\n<p>Fiskoljan inneh\u00e5ller allergener fr\u00e5n fisk. Vegetabilisk kapsel. Inneh\u00e5ller inte\u00a0gluten, laktos eller citrus. Producerad enl. GMP-standard. Producerad och f\u00f6rpackad i syrefri atmosf\u00e4r enl.\u00a0ANNEX III reg. 1169\/2011.<\/p>\n\n<hr class=\"wp-block-separator is-style-wide\"\/>\n\n<h3 class=\"wp-block-heading\">Dosering: <\/h3>\n\n<p>Rekommenderad dagsdos (DD) \u00e4r 1\u20132 kapslar i samband med m\u00e5ltid. Rekommenderad dagsdos b\u00f6r ej \u00f6verskridas. B\u00f6r ej anv\u00e4ndas av barn under 11 \u00e5r.<\/p>\n\n<hr class=\"wp-block-separator is-style-wide\"\/>\n\n<h3 class=\"wp-block-heading\">Produktkategori:<\/h3>\n\n<p>Kosttillskott. Kosttillskott b\u00f6r inte anv\u00e4ndas som ers\u00e4ttning till en varierad kost. F\u00f6rvaras m\u00f6rkt, torrt och inte \u00f6ver rumstemperatur. F\u00f6rvaras utom r\u00e4ckh\u00e5ll f\u00f6r barn. PurOmega 95% marknadsf\u00f6rs av PurOmega Nordic AS.<\/p>\n\n<hr class=\"wp-block-separator is-style-wide\"\/>\n\n<h3 class=\"wp-block-heading\">Certifieringar (fiskolja):<\/h3>\n\n<ul class=\"wp-block-list\"><li>Sustainable Seafood Ecolabel\u00a0<\/li><li>International Fish Oil Standards\u2122 (IFOS)<\/li><li>Friends of the Sea Certification (FOS)<\/li><\/ul>\n<hr class=\"wp-block-separator is-style-wide\"\/>\n","protected":false},"excerpt":{"rendered":"<p>Inneh\u00e5llsdeklaration: Per 1 kapselFiskolja (&gt;95% Omega-3): 1000 mg&#8211; Total Omega-3: 950 mg&#8211; EPA (eikosapentaensyra, TG*): 460 mg&#8211; DHA (dokosahexaensyra, TG*): 380 mgVitamin D3: 10 \u03bcg (200%**) *) TG = Triglycerider **) Dagligt referensintag Ingredienser: Fiskolja (&gt;95 % omega-3), antioxidant (d-alfa-tokoferol, d-beta, d-delta och d-gamma-tokoferol, rosmarin (Rosmarinus officinalis L.)), kolekalciferol.\u00a0Vegetabilisk softgelkapsel: Hydroxypropyl-st\u00e4rkelse, glycerol, karragenan, dinatriumfosfat, renat [&hellip;]<\/p>\n","protected":false},"author":3,"featured_media":0,"parent":0,"menu_order":0,"comment_status":"closed","ping_status":"closed","template":"","meta":{"_acf_changed":false,"footnotes":""},"class_list":["post-12195","page","type-page","status-publish","hentry"],"acf":[],"yoast_head":"<!-- This site is optimized with the Yoast SEO plugin v27.5 - https:\/\/yoast.com\/product\/yoast-seo-wordpress\/ -->\n<title>PurOmega 95% inneh\u00e5llsdeklaration - PurOmega<\/title>\n<meta name=\"robots\" content=\"index, follow, max-snippet:-1, max-image-preview:large, max-video-preview:-1\" \/>\n<link rel=\"canonical\" href=\"https:\/\/www.puromega.com\/sv\/innholdsdeklerasjon\/\" \/>\n<meta property=\"og:locale\" content=\"sv_SE\" \/>\n<meta property=\"og:type\" content=\"article\" \/>\n<meta property=\"og:title\" content=\"PurOmega 95% inneh\u00e5llsdeklaration - PurOmega\" \/>\n<meta property=\"og:description\" content=\"Inneh\u00e5llsdeklaration: Per 1 kapselFiskolja (&gt;95% Omega-3): 1000 mg&#8211; Total Omega-3: 950 mg&#8211; EPA (eikosapentaensyra, TG*): 460 mg&#8211; DHA (dokosahexaensyra, TG*): 380 mgVitamin D3: 10 \u03bcg (200%**) *) TG = Triglycerider **) Dagligt referensintag Ingredienser: Fiskolja (&gt;95 % omega-3), antioxidant (d-alfa-tokoferol, d-beta, d-delta och d-gamma-tokoferol, rosmarin (Rosmarinus officinalis L.)), kolekalciferol.\u00a0Vegetabilisk softgelkapsel: Hydroxypropyl-st\u00e4rkelse, glycerol, karragenan, dinatriumfosfat, renat [&hellip;]\" \/>\n<meta property=\"og:url\" content=\"https:\/\/www.puromega.com\/sv\/innholdsdeklerasjon\/\" \/>\n<meta property=\"og:site_name\" content=\"PurOmega\" \/>\n<meta property=\"article:modified_time\" content=\"2021-02-08T10:48:31+00:00\" \/>\n<meta name=\"twitter:card\" content=\"summary_large_image\" \/>\n<meta name=\"twitter:label1\" content=\"Est. reading time\" \/>\n\t<meta name=\"twitter:data1\" content=\"1 minute\" \/>\n<script type=\"application\/ld+json\" class=\"yoast-schema-graph\">{\"@context\":\"https:\\\/\\\/schema.org\",\"@graph\":[{\"@type\":\"WebPage\",\"@id\":\"https:\\\/\\\/www.puromega.com\\\/sv\\\/innholdsdeklerasjon\\\/\",\"url\":\"https:\\\/\\\/www.puromega.com\\\/sv\\\/innholdsdeklerasjon\\\/\",\"name\":\"PurOmega 95% inneh\u00e5llsdeklaration - PurOmega\",\"isPartOf\":{\"@id\":\"https:\\\/\\\/www.puromega.com\\\/#website\"},\"datePublished\":\"2019-08-14T14:33:23+00:00\",\"dateModified\":\"2021-02-08T10:48:31+00:00\",\"breadcrumb\":{\"@id\":\"https:\\\/\\\/www.puromega.com\\\/sv\\\/innholdsdeklerasjon\\\/#breadcrumb\"},\"inLanguage\":\"sv-se\",\"potentialAction\":[{\"@type\":\"ReadAction\",\"target\":[\"https:\\\/\\\/www.puromega.com\\\/sv\\\/innholdsdeklerasjon\\\/\"]}]},{\"@type\":\"BreadcrumbList\",\"@id\":\"https:\\\/\\\/www.puromega.com\\\/sv\\\/innholdsdeklerasjon\\\/#breadcrumb\",\"itemListElement\":[{\"@type\":\"ListItem\",\"position\":1,\"name\":\"Forsiden\",\"item\":\"https:\\\/\\\/www.puromega.com\\\/sv\\\/\"},{\"@type\":\"ListItem\",\"position\":2,\"name\":\"PurOmega 95% inneh\u00e5llsdeklaration\"}]},{\"@type\":\"WebSite\",\"@id\":\"https:\\\/\\\/www.puromega.com\\\/#website\",\"url\":\"https:\\\/\\\/www.puromega.com\\\/\",\"name\":\"PurOmega\",\"description\":\"Omega-3 kapsler utviklet etter flere \u00e5rs forskning for \u00e5 oppn\u00e5 m\u00e5lsettingen om \u00e5 v\u00e6re verdens mest konsentrerte og reneste Omega-3 produkt.\",\"potentialAction\":[{\"@type\":\"SearchAction\",\"target\":{\"@type\":\"EntryPoint\",\"urlTemplate\":\"https:\\\/\\\/www.puromega.com\\\/?s={search_term_string}\"},\"query-input\":{\"@type\":\"PropertyValueSpecification\",\"valueRequired\":true,\"valueName\":\"search_term_string\"}}],\"inLanguage\":\"sv-se\"}]}<\/script>\n<!-- \/ Yoast SEO plugin. -->","yoast_head_json":{"title":"PurOmega 95% inneh\u00e5llsdeklaration - PurOmega","robots":{"index":"index","follow":"follow","max-snippet":"max-snippet:-1","max-image-preview":"max-image-preview:large","max-video-preview":"max-video-preview:-1"},"canonical":"https:\/\/www.puromega.com\/sv\/innholdsdeklerasjon\/","og_locale":"sv_SE","og_type":"article","og_title":"PurOmega 95% inneh\u00e5llsdeklaration - PurOmega","og_description":"Inneh\u00e5llsdeklaration: Per 1 kapselFiskolja (&gt;95% Omega-3): 1000 mg&#8211; Total Omega-3: 950 mg&#8211; EPA (eikosapentaensyra, TG*): 460 mg&#8211; DHA (dokosahexaensyra, TG*): 380 mgVitamin D3: 10 \u03bcg (200%**) *) TG = Triglycerider **) Dagligt referensintag Ingredienser: Fiskolja (&gt;95 % omega-3), antioxidant (d-alfa-tokoferol, d-beta, d-delta och d-gamma-tokoferol, rosmarin (Rosmarinus officinalis L.)), kolekalciferol.\u00a0Vegetabilisk softgelkapsel: Hydroxypropyl-st\u00e4rkelse, glycerol, karragenan, dinatriumfosfat, renat [&hellip;]","og_url":"https:\/\/www.puromega.com\/sv\/innholdsdeklerasjon\/","og_site_name":"PurOmega","article_modified_time":"2021-02-08T10:48:31+00:00","twitter_card":"summary_large_image","twitter_misc":{"Est. reading time":"1 minute"},"schema":{"@context":"https:\/\/schema.org","@graph":[{"@type":"WebPage","@id":"https:\/\/www.puromega.com\/sv\/innholdsdeklerasjon\/","url":"https:\/\/www.puromega.com\/sv\/innholdsdeklerasjon\/","name":"PurOmega 95% inneh\u00e5llsdeklaration - PurOmega","isPartOf":{"@id":"https:\/\/www.puromega.com\/#website"},"datePublished":"2019-08-14T14:33:23+00:00","dateModified":"2021-02-08T10:48:31+00:00","breadcrumb":{"@id":"https:\/\/www.puromega.com\/sv\/innholdsdeklerasjon\/#breadcrumb"},"inLanguage":"sv-se","potentialAction":[{"@type":"ReadAction","target":["https:\/\/www.puromega.com\/sv\/innholdsdeklerasjon\/"]}]},{"@type":"BreadcrumbList","@id":"https:\/\/www.puromega.com\/sv\/innholdsdeklerasjon\/#breadcrumb","itemListElement":[{"@type":"ListItem","position":1,"name":"Forsiden","item":"https:\/\/www.puromega.com\/sv\/"},{"@type":"ListItem","position":2,"name":"PurOmega 95% inneh\u00e5llsdeklaration"}]},{"@type":"WebSite","@id":"https:\/\/www.puromega.com\/#website","url":"https:\/\/www.puromega.com\/","name":"PurOmega","description":"Omega-3 kapsler utviklet etter flere \u00e5rs forskning for \u00e5 oppn\u00e5 m\u00e5lsettingen om \u00e5 v\u00e6re verdens mest konsentrerte og reneste Omega-3 produkt.","potentialAction":[{"@type":"SearchAction","target":{"@type":"EntryPoint","urlTemplate":"https:\/\/www.puromega.com\/?s={search_term_string}"},"query-input":{"@type":"PropertyValueSpecification","valueRequired":true,"valueName":"search_term_string"}}],"inLanguage":"sv-se"}]}},"_links":{"self":[{"href":"https:\/\/www.puromega.com\/sv\/wp-json\/wp\/v2\/pages\/12195","targetHints":{"allow":["GET"]}}],"collection":[{"href":"https:\/\/www.puromega.com\/sv\/wp-json\/wp\/v2\/pages"}],"about":[{"href":"https:\/\/www.puromega.com\/sv\/wp-json\/wp\/v2\/types\/page"}],"author":[{"embeddable":true,"href":"https:\/\/www.puromega.com\/sv\/wp-json\/wp\/v2\/users\/3"}],"replies":[{"embeddable":true,"href":"https:\/\/www.puromega.com\/sv\/wp-json\/wp\/v2\/comments?post=12195"}],"version-history":[{"count":3,"href":"https:\/\/www.puromega.com\/sv\/wp-json\/wp\/v2\/pages\/12195\/revisions"}],"predecessor-version":[{"id":14964,"href":"https:\/\/www.puromega.com\/sv\/wp-json\/wp\/v2\/pages\/12195\/revisions\/14964"}],"wp:attachment":[{"href":"https:\/\/www.puromega.com\/sv\/wp-json\/wp\/v2\/media?parent=12195"}],"curies":[{"name":"wp","href":"https:\/\/api.w.org\/{rel}","templated":true}]}}