{"id":12207,"date":"2019-06-15T12:02:55","date_gmt":"2019-06-15T12:02:55","guid":{"rendered":"https:\/\/www.puromega.com\/salgsbetingelser\/"},"modified":"2023-01-31T13:50:24","modified_gmt":"2023-01-31T13:50:24","slug":"allmanna-kopvillkor","status":"publish","type":"page","link":"https:\/\/www.puromega.com\/sv\/allmanna-kopvillkor\/","title":{"rendered":"Allm\u00e4nna k\u00f6pvillkor"},"content":{"rendered":"\n<h3 class=\"wp-block-heading\">1. Avtal<\/h3>\n\n\n\n<p>PurOmega Nordic AS s\u00e4ljer h\u00e4lsokostprodukter p\u00e5 abonnemang enligt valt leveransintervall utan f\u00f6rpliktelse att k\u00f6pa eller bindningstid.<\/p>\n\n\n\n<p>Avtalet best\u00e5r av information som finns angivet p\u00e5 hemsidan samt i dessa avtalsvillkor. Avtal kan ing\u00e5s av den som har fyllt 18 \u00e5r och \u00e4r myndig.<\/p>\n\n\n\n<h3 class=\"wp-block-heading\">2. Definition av avtalsparterna<\/h3>\n\n\n\n<p>Med \u201dS\u00e4ljaren\u201d avses: PurOmega Nordic AS<br>Org. nr: 916&nbsp;055&nbsp;285<br>Adress: Bj\u00f8rumsvegen 15, 4820 Froland, Norge<br>E-post:&nbsp;<a href=\"mailto:kundeservice@puromega.com\">kundeservice@puromega.com<\/a><br>Telefon: 041-849 54 50<\/p>\n\n\n\n<p>Med \u201dK\u00f6paren\u201d avses den person som anges som k\u00f6pare i best\u00e4llningen. K\u00f6parens namn framg\u00e5r av orderbekr\u00e4ftelsen. K\u00f6paren ben\u00e4mns nedan \u00e4ven med \u201ddu\u201d, \u201ddig\u201d, \u201ddin\u201d eller \u201dditt\u201d.<\/p>\n\n\n\n<p>Med \u201dTj\u00e4nsten\u201d avses abonnemangstj\u00e4nsten.<\/p>\n\n\n\n<p>Med \u201dProdukten\u201d avses den vara som levereras i samband med abonnemangstj\u00e4nsten.<\/p>\n\n\n\n<p><strong>Kontaktinformation, kundservice<\/strong><\/p>\n\n\n\n<p>Telefon: 041-849 54 50<br>E-post:&nbsp;<a href=\"mailto:kundeservice@puromega.com\">kundeservice@puromega.com<\/a><br>Postadress: PurOmega Nordic AS, PB 28, 0415 Oslo, Norge<\/p>\n\n\n\n<p><strong>Lager och returadress<\/strong><\/p>\n\n\n\n<p>Reklamlogistik AB\/ PurOmega<br>Lagerv\u00e4gen 36<br>13650 Jordbro<br>SVERIGE<\/p>\n\n\n\n<h3 class=\"wp-block-heading\">3. Om avtalets ing\u00e5ende, godk\u00e4nnande och \u00e4ndring av avtalsvillkor<\/h3>\n\n\n\n<p>Avtalet \u00e4r bindande f\u00f6r b\u00e5da parter n\u00e4r best\u00e4llningen har mottagits av S\u00e4ljaren.&nbsp;N\u00e4r best\u00e4llning mottagits skickar S\u00e4ljaren en orderbekr\u00e4ftelse till K\u00f6paren via e-post med angivande av best\u00e4lld(a) produkt(er), pris och leveransintervall. K\u00f6paren b\u00f6r kontrollera orderbekr\u00e4ftelsen och omg\u00e5ende meddela S\u00e4ljaren om orderbekr\u00e4ftelsen inte \u00f6verensst\u00e4mmer med best\u00e4llningen.&nbsp; Samtidigt med orderbekr\u00e4ftelsen \u00f6vers\u00e4nds dessa avtalsvillkor, \u00e5ngerblankett och information om \u00e5ngerr\u00e4tt.<\/p>\n\n\n\n<p>Avtalsvillkoren kan vara f\u00f6rem\u00e5l f\u00f6r \u00e4ndringar vid s\u00e4rskilda behov och\/eller \u00e4ndringar eller till\u00e4gg p\u00e5 grund av myndighets beslut. Avtalet inneb\u00e4r att du godk\u00e4nner uppdateringar\/\u00e4ndringar av avtalsvillkoren. Nya avtalsvillkor meddelas p\u00e5 S\u00e4ljarens hemsida och\/eller medf\u00f6ljer som bilaga till din n\u00e4sta leverans.<\/p>\n\n\n\n<h3 class=\"wp-block-heading\">4. Abonnemang, giltighetstid och upps\u00e4gning<\/h3>\n\n\n\n<p>Vid best\u00e4llning ing\u00e5r K\u00f6paren abonnemangsavtal f\u00f6r \u00f6nskad Produkt enligt det pris och leveransintervall som anges i orderbekr\u00e4ftelsen. Abonnemanget \u00e4r utan bindningstid och l\u00f6per till dess K\u00f6paren s\u00e4ger upp det.<\/p>\n\n\n\n<p>Upps\u00e4gning av abonnemang ska ske 14 dagar f\u00f6re n\u00e4sta schemalagda leverans. Sista dag f\u00f6r upps\u00e4gning st\u00e5r angivet p\u00e5 din faktura.&nbsp; Upps\u00e4gning kan g\u00f6ras till kundservice (se punkt 2) via telefon, e-post eller brev. Vid f\u00f6r sen upps\u00e4gning f\u00f6rpliktigar du dig att ta emot n\u00e4sta planerade f\u00f6rs\u00e4ndelse s\u00e5 l\u00e4nge abonnemanget g\u00e4ller.<\/p>\n\n\n\n<p>S\u00e4ljaren f\u00f6rbeh\u00e5ller sig r\u00e4tten att stoppa leveransen av Produkten och avbryta Tj\u00e4nsten om betalning uteblir f\u00f6r tv\u00e5 eller fler f\u00f6rs\u00e4ndelser, eller om K\u00f6paren inte l\u00e4ngre kan anses vara kreditv\u00e4rdig.<\/p>\n\n\n\n<h3 class=\"wp-block-heading\">5. K\u00f6ptrygghet<\/h3>\n\n\n\n<p>Du kan n\u00e4r som helst ta kontakt med kundservice om du vill \u00e4ndra, skr\u00e4ddarsy eller g\u00f6ra ett uppeh\u00e5ll i ditt abonnemang.<\/p>\n\n\n\n<h3 class=\"wp-block-heading\">6. Leverans<\/h3>\n\n\n\n<p>Leverans av Produkten sker via post direkt till din brevl\u00e5da.&nbsp; I normala fall kommer du att motta den f\u00f6rsta f\u00f6rs\u00e4ndelsen 3-10 dagar fr\u00e5n best\u00e4llningsdatum, och senast inom 20 dagar efter best\u00e4llningsdatum.&nbsp;&nbsp; D\u00e4rp\u00e5 f\u00f6ljande f\u00f6rs\u00e4ndelser av Produkten kommer att skickas enligt det leveransintervall som anges p\u00e5 orderbekr\u00e4ftelsen, plus\/minus 10 dagar beroende p\u00e5 postg\u00e5ngen.<\/p>\n\n\n\n<h3 class=\"wp-block-heading\">7. \u00c5ngerr\u00e4tt<\/h3>\n\n\n\n<p>Du har r\u00e4tt att s\u00e4ga upp detta avtal inom 14 dagar utan att ange sk\u00e4let till detta. \u00c5ngerr\u00e4tten upph\u00f6r 14 dagar efter att du, eller den du har angett som mottagare, har tagit emot Produkten.<\/p>\n\n\n\n<p>F\u00f6r att utnyttja \u00e5ngerr\u00e4tten m\u00e5ste du klart och tydligt meddela oss om ditt beslut att s\u00e4ga upp avtalet, till exempel via brev, fax eller e-post.<\/p>\n\n\n\n<p>Telefon: 041-849 54 50<br>E-post:&nbsp;<a href=\"mailto:kundeservice@puromega.com\">kundeservice@puromega.com<\/a><br>Postadress: Bj\u00f8rumsvegen 15, pb 19, 4855 Froland, Norge<\/p>\n\n\n\n<p>Du kan anv\u00e4nda den standardiserade \u00e5ngerr\u00e4ttsblankett som medf\u00f6ljer orderbekr\u00e4ftelsen via e-post.<\/p>\n\n\n\n<p>Om du s\u00e4ger upp avtalet kommer vi att kreditera obetalda fakturor eller betala tillbaka alla inbetalningar vi har mottagit fr\u00e5n dig, inklusive leveranskostnader (med undantag f\u00f6r till\u00e4ggskostnader som f\u00f6ljer om du har valt en annan typ av leveranss\u00e4tt \u00e4n den billigaste standardleveransen som vi erbjuder) utan on\u00f6digt dr\u00f6jsm\u00e5l och under alla omst\u00e4ndigheter senast 14 dagar efter den dag vi f\u00e5r anm\u00e4lan om ditt beslut att s\u00e4ga upp detta avtal.<\/p>\n\n\n\n<p>N\u00e4r vi betalar tillbaka pengarna anv\u00e4nder vi samma betalningss\u00e4tt som du anv\u00e4nde vid best\u00e4llningstillf\u00e4llet, s\u00e5vida inte annat \u00f6verenskommits.<\/p>\n\n\n\n<p>Du kommer under inga omst\u00e4ndigheter att debiteras n\u00e5gra avgifter p\u00e5 grund av \u00e5terbetalningen.<\/p>\n\n\n\n<p>Vi f\u00f6rbeh\u00e5ller oss r\u00e4tten att v\u00e4nta med \u00e5terbetalningen till dess att vi har f\u00e5tt Produkten(erna) i retur, eller till dess att du kan dokumentera att Produkten(erna) \u00e4r returnerade, beroende p\u00e5 vilket av dessa alternativ som intr\u00e4ffar f\u00f6rst.<\/p>\n\n\n\n<p>Du m\u00e5ste returnera Produkten(erna) till oss utan on\u00f6digt dr\u00f6jsm\u00e5l och under alla omst\u00e4ndigheter senast 14 dagar efter det datum d\u00e5 du meddelat oss om att du vill s\u00e4ga upp avtalet. Anv\u00e4nd den returadress som anges i punkt 2 ovan.<\/p>\n\n\n\n<p>Med h\u00e4nsyn till h\u00e4lsa och hygien m\u00e5ste Produkten(erna) returneras utan att f\u00f6rseglingen brutits, annars f\u00f6rlorar du \u00e5ngerr\u00e4tten.<\/p>\n\n\n\n<p>F\u00f6r ordinarie f\u00f6rs\u00e4ndelser enligt Tj\u00e4nsten g\u00e4ller inte \u00e5ngerr\u00e4tten. \u00c5ngerr\u00e4tten g\u00e4ller endast vid den f\u00f6rsta leveransen av Tj\u00e4nsten.<\/p>\n\n\n\n<p>Du m\u00e5ste betala de direkta kostnaderna f\u00f6r att skicka tillbaka varan.<\/p>\n\n\n\n<p>Om S\u00e4ljaren debiteras portoavgift som skulle ha betalats av dig f\u00f6r den returnerade Produkten, f\u00f6rbeh\u00e5ller vi oss r\u00e4tten att fakturera dig upp till 129:-.<\/p>\n\n\n\n<p>Vid retur av Produkt(er) som inte omfattas av \u00e5ngerr\u00e4tten ska ingen kreditering av fakturan g\u00f6ras. P\u00e5 K\u00f6parens beg\u00e4ran kan Produkten (Produkterna) dock skickas ut p\u00e5 nytt mot en avgift p\u00e5 49:-.<\/p>\n\n\n\n<p>Du ansvarar f\u00f6r eventuell v\u00e4rdeminskning av varorna som beror p\u00e5 annan hantering av varorna \u00e4n vad som \u00e4r n\u00f6dv\u00e4ndigt f\u00f6r att fastst\u00e4lla deras art, egenskaper och funktion.<\/p>\n\n\n\n<p>F\u00f6rutom \u00e5ngerr\u00e4tten har K\u00f6paren allm\u00e4n reklamationsr\u00e4tt enligt konsumentk\u00f6plagen. F\u00f6r mer information, se punkt 8.<\/p>\n\n\n\n<h3 class=\"wp-block-heading\">8. Reklamation<\/h3>\n\n\n\n<p>Vid f\u00f6rseningar eller brister hos Produkten\/Tj\u00e4nsten g\u00e4ller reklamationsr\u00e4tt enligt konsumentk\u00f6plagen.<\/p>\n\n\n\n<p>Du kan reklamera Produkten fram till det b\u00e4st-f\u00f6re-datum som anges p\u00e5 f\u00f6rpackningen f\u00f6rutsatt att Produkten f\u00f6rvaras torrt, svalt och inte uts\u00e4tts f\u00f6r direkt solljus.<\/p>\n\n\n\n<p>K\u00f6paren \u00e4r skyldig att inom rimlig tid efter det att han\/hon uppt\u00e4ckt eller borde uppt\u00e4ckt brist meddela detta till kundservice.<\/p>\n\n\n\n<p>S\u00e4ljaren ska inte b\u00e4ra n\u00e5got ansvar f\u00f6r driftstopp eller felaktiga priser och felaktig information om detta beror p\u00e5 f\u00f6rh\u00e5llanden som st\u00e5r utanf\u00f6r S\u00e4ljarens kontroll, s\u00e5som tekniska problem, inklusive men inte begr\u00e4nsat till str\u00f6mavbrott, \u00f6verbelastning och sabotage.<\/p>\n\n\n\n<h3 class=\"wp-block-heading\">9. Priser och betalning<\/h3>\n\n\n\n<p>De priser som anges vid best\u00e4llning och som \u00e4ven anges i orderbekr\u00e4ftelsen \u00e4r g\u00e4llande enligt avtalet.<\/p>\n\n\n\n<p>Betalning f\u00f6r produkterna sker i enlighet med g\u00e4llande villkor f\u00f6r den valda betalleverant\u00f6ren. Vi erbjuder f\u00f6r n\u00e4rvarande betalning via Stripe (Kort) och faktura.<\/p>\n\n\n\n<p>Faktura:<br>Vid varje f\u00f6rs\u00e4ndelse medf\u00f6ljer en faktura som ska betalas inom 14 dagar. Fordran\/fakturan \u00f6verl\u00e5ts i sin helhet till Riverty Sweden AB.\u00a0 S\u00e4ljarens fordran kan endast regleras genom betalning till Riverty Sweden AB.\u00a0 S\u00e4ljaren har pantr\u00e4tt i Produkter levererade till K\u00f6paren till dess full betalning inklusive eventuella avgifter, r\u00e4ntor och omkostnader erlagts.<\/p>\n\n\n\n<p>S\u00e4ljaren, i samarbete med Riverty Sweden AB, f\u00f6rbeh\u00e5ller sig r\u00e4tten att ta kreditupplysning p\u00e5 K\u00f6paren vid best\u00e4llning, l\u00f6pande under avtalsperioden samt vid utebliven betalning. Om en kreditupplysning tas kommer en kopia av uppgifterna att skickas till K\u00f6paren med brev eller e-post.<\/p>\n\n\n\n<p>Betalning ska ske senast det betalningsdatum som anges p\u00e5 fakturan. Vid f\u00f6rsenad betalning tillkommer dr\u00f6jsm\u00e5lsr\u00e4nta enligt r\u00e4ntelagen.<\/p>\n\n\n\n<p>Om betalning uteblir skickas kravet till inkasso och lagstadgade dr\u00f6jsm\u00e5lsr\u00e4ntor och avgifter tillkommer.<\/p>\n\n\n\n<p>Vid utebliven betalning kan S\u00e4ljaren avsluta Tj\u00e4nsten utan f\u00f6reg\u00e5ende meddelande (se punkt 4).<\/p>\n\n\n\n<h3 class=\"wp-block-heading\">10. Best\u00e4llningsuppgifter, personuppgifter och kundkontakt<\/h3>\n\n\n\n<p>All best\u00e4llningsinformation och alla personliga uppgifter som l\u00e4mnats av K\u00f6paren vid best\u00e4llning lagras i S\u00e4ljarens system.<\/p>\n\n\n\n<p>Personuppgifter och best\u00e4llningsinformation behandlas med sekretess i enlighet med personuppgiftslagen.&nbsp; Informationen anv\u00e4nds f\u00f6r att hantera ditt kundkonto, s\u00e5som att informera dig om S\u00e4ljarens produkter, tj\u00e4nster och andra f\u00f6rm\u00e5ner.<\/p>\n\n\n\n<p>Dina personuppgifter l\u00e4mnas inte ut till tredje part men kan komma att anv\u00e4ndas av S\u00e4ljaren. Personuppgifter och best\u00e4llningsinformation kan i vissa fall l\u00e4mnas ut p\u00e5 beg\u00e4ran av myndigheter eller i samband med kreditkontroll av K\u00f6paren, samt vid uppf\u00f6ljning eller indrivning av obetalda fordringar.<\/p>\n\n\n\n<p>Du har r\u00e4tt att f\u00e5 veta vilka uppgifter som har registrerats om dig och du har \u00e4ven r\u00e4tt att kr\u00e4va att eventuella felaktiga uppgifter korrigeras.<\/p>\n\n\n\n<p>Du f\u00f6rpliktar dig att informera S\u00e4ljaren vid \u00e4ndringar av dina personuppgifter som kan ha betydelse f\u00f6r utf\u00f6randet av Tj\u00e4nsten.<\/p>\n\n\n\n<h3 class=\"wp-block-heading\">11. Produktinneh\u00e5ll, anv\u00e4ndning och effekt<\/h3>\n\n\n\n<p>S\u00e4ljaren fr\u00e5ns\u00e4ger sig allt ansvar vid oaktsam anv\u00e4ndning av Produkten. Produkten \u00e4r klassificerad som ett kosttillskott eller kosmetika i enlighet med norsk lag och alla tillh\u00f6rande regler f\u00f6r m\u00e4rkning och anv\u00e4ndning av kosttillskott eller kosmetika.&nbsp; Kosttillskott b\u00f6r inte anv\u00e4ndas som alternativ till en varierad kost. Den rekommenderade dagsdosen b\u00f6r inte \u00f6verskridas. Kosttillskott ska f\u00f6rvaras m\u00f6rkt, torrt och inte \u00f6ver rumstemperatur. Kosttillskott b\u00f6r f\u00f6rvaras utom r\u00e4ckh\u00e5ll f\u00f6r barn.&nbsp; <\/p>\n\n\n\n<p>S\u00e4ljaren rekommenderar alla att konsultera l\u00e4kare innan Produkten anv\u00e4nds, i synnerhet i de fall d\u00e5 man \u00e4r medveten om nuvarande eller tidigare sjukdomar och tillst\u00e5nd, eller vid anv\u00e4ndning av l\u00e4kemedel.&nbsp; L\u00e4s och f\u00f6lj doseringsinformationen p\u00e5 f\u00f6rpackningen\/broschyren noga innan anv\u00e4ndning.<\/p>\n\n\n\n<p>S\u00e4ljaren kan \u00e4ndra Produktens recept (inneh\u00e5ll, sammans\u00e4ttning, broschyrer och f\u00f6rpackning) utan f\u00f6reg\u00e5ende meddelande och utan att s\u00e4rskilt informera kunden om detta s\u00e5 l\u00e4nge Produktens nya inneh\u00e5ll har motsvarande effekt som den ursprungligen levererade Produkten. Vid \u00e4ndringar av recept som kan inneb\u00e4ra fara f\u00f6r skaldjursallergiker, mj\u00f6lk-\/laktosallergiker, glutenallergiker, \u00e4ggallergiker och n\u00f6tallergiker \u00e4r S\u00e4ljaren skyldig att skriftligen informera om detta.<\/p>\n\n\n\n<p>Produkten \u00e4r ett kosttillskott eller en kosmetisk produkt vars effekt kan ha visats genom kliniska studier, historisk anv\u00e4ndning, facklitteratur eller sanningsf\u00f6rs\u00e4kringar om enskilda ingredienser, sammansatta ingredienser eller Produkten. Eftersom kosttillskott och kosmetika har olika effekt p\u00e5 olika individer kan effekten inte garanteras i det enskilda fallet och S\u00e4ljaren kan inte h\u00e5llas ansvarig f\u00f6r ekonomiska, h\u00e4lsom\u00e4ssiga eller andra f\u00f6rh\u00e5llanden som f\u00f6ljer av Produktens effekter i samband med K\u00f6parens anv\u00e4ndning.<\/p>\n\n\n\n<h3 class=\"wp-block-heading\">12. Till\u00e4mplig lag och jurisdiktion<\/h3>\n\n\n\n<p>Avtalet ska f\u00f6lja norsk lag. Tvist mellan K\u00f6paren och S\u00e4ljaren ska f\u00f6rs\u00f6ka l\u00f6sas genom f\u00f6rhandlingar. R\u00e4tt forum \u00e4r Oslo Tingsr\u00e4tt.<\/p>\n\n\n<p><!--EndFragment--><\/p>","protected":false},"excerpt":{"rendered":"<p>1. Avtal PurOmega Nordic AS s\u00e4ljer h\u00e4lsokostprodukter p\u00e5 abonnemang enligt valt leveransintervall utan f\u00f6rpliktelse att k\u00f6pa eller bindningstid. Avtalet best\u00e5r av information som finns angivet p\u00e5 hemsidan samt i dessa avtalsvillkor. Avtal kan ing\u00e5s av den som har fyllt 18 \u00e5r och \u00e4r myndig. 2. Definition av avtalsparterna Med \u201dS\u00e4ljaren\u201d avses: PurOmega Nordic ASOrg. nr: [&hellip;]<\/p>\n","protected":false},"author":1,"featured_media":0,"parent":0,"menu_order":0,"comment_status":"closed","ping_status":"closed","template":"","meta":{"_acf_changed":false,"footnotes":""},"class_list":["post-12207","page","type-page","status-publish","hentry"],"acf":[],"yoast_head":"<!-- This site is optimized with the Yoast SEO plugin v27.5 - https:\/\/yoast.com\/product\/yoast-seo-wordpress\/ -->\n<title>Allm\u00e4nna k\u00f6pvillkor - PurOmega<\/title>\n<meta name=\"robots\" content=\"index, follow, max-snippet:-1, max-image-preview:large, max-video-preview:-1\" \/>\n<link rel=\"canonical\" href=\"https:\/\/www.puromega.com\/sv\/allmanna-kopvillkor\/\" \/>\n<meta property=\"og:locale\" content=\"sv_SE\" \/>\n<meta property=\"og:type\" content=\"article\" \/>\n<meta property=\"og:title\" content=\"Allm\u00e4nna k\u00f6pvillkor - PurOmega\" \/>\n<meta property=\"og:description\" content=\"1. Avtal PurOmega Nordic AS s\u00e4ljer h\u00e4lsokostprodukter p\u00e5 abonnemang enligt valt leveransintervall utan f\u00f6rpliktelse att k\u00f6pa eller bindningstid. Avtalet best\u00e5r av information som finns angivet p\u00e5 hemsidan samt i dessa avtalsvillkor. Avtal kan ing\u00e5s av den som har fyllt 18 \u00e5r och \u00e4r myndig. 2. Definition av avtalsparterna Med \u201dS\u00e4ljaren\u201d avses: PurOmega Nordic ASOrg. nr: [&hellip;]\" \/>\n<meta property=\"og:url\" content=\"https:\/\/www.puromega.com\/sv\/allmanna-kopvillkor\/\" \/>\n<meta property=\"og:site_name\" content=\"PurOmega\" \/>\n<meta property=\"article:modified_time\" content=\"2023-01-31T13:50:24+00:00\" \/>\n<meta name=\"twitter:card\" content=\"summary_large_image\" \/>\n<meta name=\"twitter:label1\" content=\"Est. reading time\" \/>\n\t<meta name=\"twitter:data1\" content=\"9 minutes\" \/>\n<script type=\"application\/ld+json\" class=\"yoast-schema-graph\">{\"@context\":\"https:\\\/\\\/schema.org\",\"@graph\":[{\"@type\":\"WebPage\",\"@id\":\"https:\\\/\\\/www.puromega.com\\\/sv\\\/allmanna-kopvillkor\\\/\",\"url\":\"https:\\\/\\\/www.puromega.com\\\/sv\\\/allmanna-kopvillkor\\\/\",\"name\":\"Allm\u00e4nna k\u00f6pvillkor - PurOmega\",\"isPartOf\":{\"@id\":\"https:\\\/\\\/www.puromega.com\\\/#website\"},\"datePublished\":\"2019-06-15T12:02:55+00:00\",\"dateModified\":\"2023-01-31T13:50:24+00:00\",\"breadcrumb\":{\"@id\":\"https:\\\/\\\/www.puromega.com\\\/sv\\\/allmanna-kopvillkor\\\/#breadcrumb\"},\"inLanguage\":\"sv-se\",\"potentialAction\":[{\"@type\":\"ReadAction\",\"target\":[\"https:\\\/\\\/www.puromega.com\\\/sv\\\/allmanna-kopvillkor\\\/\"]}]},{\"@type\":\"BreadcrumbList\",\"@id\":\"https:\\\/\\\/www.puromega.com\\\/sv\\\/allmanna-kopvillkor\\\/#breadcrumb\",\"itemListElement\":[{\"@type\":\"ListItem\",\"position\":1,\"name\":\"Forsiden\",\"item\":\"https:\\\/\\\/www.puromega.com\\\/sv\\\/\"},{\"@type\":\"ListItem\",\"position\":2,\"name\":\"Allm\u00e4nna k\u00f6pvillkor\"}]},{\"@type\":\"WebSite\",\"@id\":\"https:\\\/\\\/www.puromega.com\\\/#website\",\"url\":\"https:\\\/\\\/www.puromega.com\\\/\",\"name\":\"PurOmega\",\"description\":\"Omega-3 kapsler utviklet etter flere \u00e5rs forskning for \u00e5 oppn\u00e5 m\u00e5lsettingen om \u00e5 v\u00e6re verdens mest konsentrerte og reneste Omega-3 produkt.\",\"potentialAction\":[{\"@type\":\"SearchAction\",\"target\":{\"@type\":\"EntryPoint\",\"urlTemplate\":\"https:\\\/\\\/www.puromega.com\\\/?s={search_term_string}\"},\"query-input\":{\"@type\":\"PropertyValueSpecification\",\"valueRequired\":true,\"valueName\":\"search_term_string\"}}],\"inLanguage\":\"sv-se\"}]}<\/script>\n<!-- \/ Yoast SEO plugin. -->","yoast_head_json":{"title":"Allm\u00e4nna k\u00f6pvillkor - PurOmega","robots":{"index":"index","follow":"follow","max-snippet":"max-snippet:-1","max-image-preview":"max-image-preview:large","max-video-preview":"max-video-preview:-1"},"canonical":"https:\/\/www.puromega.com\/sv\/allmanna-kopvillkor\/","og_locale":"sv_SE","og_type":"article","og_title":"Allm\u00e4nna k\u00f6pvillkor - PurOmega","og_description":"1. Avtal PurOmega Nordic AS s\u00e4ljer h\u00e4lsokostprodukter p\u00e5 abonnemang enligt valt leveransintervall utan f\u00f6rpliktelse att k\u00f6pa eller bindningstid. Avtalet best\u00e5r av information som finns angivet p\u00e5 hemsidan samt i dessa avtalsvillkor. Avtal kan ing\u00e5s av den som har fyllt 18 \u00e5r och \u00e4r myndig. 2. Definition av avtalsparterna Med \u201dS\u00e4ljaren\u201d avses: PurOmega Nordic ASOrg. nr: [&hellip;]","og_url":"https:\/\/www.puromega.com\/sv\/allmanna-kopvillkor\/","og_site_name":"PurOmega","article_modified_time":"2023-01-31T13:50:24+00:00","twitter_card":"summary_large_image","twitter_misc":{"Est. reading time":"9 minutes"},"schema":{"@context":"https:\/\/schema.org","@graph":[{"@type":"WebPage","@id":"https:\/\/www.puromega.com\/sv\/allmanna-kopvillkor\/","url":"https:\/\/www.puromega.com\/sv\/allmanna-kopvillkor\/","name":"Allm\u00e4nna k\u00f6pvillkor - PurOmega","isPartOf":{"@id":"https:\/\/www.puromega.com\/#website"},"datePublished":"2019-06-15T12:02:55+00:00","dateModified":"2023-01-31T13:50:24+00:00","breadcrumb":{"@id":"https:\/\/www.puromega.com\/sv\/allmanna-kopvillkor\/#breadcrumb"},"inLanguage":"sv-se","potentialAction":[{"@type":"ReadAction","target":["https:\/\/www.puromega.com\/sv\/allmanna-kopvillkor\/"]}]},{"@type":"BreadcrumbList","@id":"https:\/\/www.puromega.com\/sv\/allmanna-kopvillkor\/#breadcrumb","itemListElement":[{"@type":"ListItem","position":1,"name":"Forsiden","item":"https:\/\/www.puromega.com\/sv\/"},{"@type":"ListItem","position":2,"name":"Allm\u00e4nna k\u00f6pvillkor"}]},{"@type":"WebSite","@id":"https:\/\/www.puromega.com\/#website","url":"https:\/\/www.puromega.com\/","name":"PurOmega","description":"Omega-3 kapsler utviklet etter flere \u00e5rs forskning for \u00e5 oppn\u00e5 m\u00e5lsettingen om \u00e5 v\u00e6re verdens mest konsentrerte og reneste Omega-3 produkt.","potentialAction":[{"@type":"SearchAction","target":{"@type":"EntryPoint","urlTemplate":"https:\/\/www.puromega.com\/?s={search_term_string}"},"query-input":{"@type":"PropertyValueSpecification","valueRequired":true,"valueName":"search_term_string"}}],"inLanguage":"sv-se"}]}},"_links":{"self":[{"href":"https:\/\/www.puromega.com\/sv\/wp-json\/wp\/v2\/pages\/12207","targetHints":{"allow":["GET"]}}],"collection":[{"href":"https:\/\/www.puromega.com\/sv\/wp-json\/wp\/v2\/pages"}],"about":[{"href":"https:\/\/www.puromega.com\/sv\/wp-json\/wp\/v2\/types\/page"}],"author":[{"embeddable":true,"href":"https:\/\/www.puromega.com\/sv\/wp-json\/wp\/v2\/users\/1"}],"replies":[{"embeddable":true,"href":"https:\/\/www.puromega.com\/sv\/wp-json\/wp\/v2\/comments?post=12207"}],"version-history":[{"count":3,"href":"https:\/\/www.puromega.com\/sv\/wp-json\/wp\/v2\/pages\/12207\/revisions"}],"predecessor-version":[{"id":21498,"href":"https:\/\/www.puromega.com\/sv\/wp-json\/wp\/v2\/pages\/12207\/revisions\/21498"}],"wp:attachment":[{"href":"https:\/\/www.puromega.com\/sv\/wp-json\/wp\/v2\/media?parent=12207"}],"curies":[{"name":"wp","href":"https:\/\/api.w.org\/{rel}","templated":true}]}}