{"id":12209,"date":"2019-06-10T06:34:32","date_gmt":"2019-06-10T06:34:32","guid":{"rendered":"https:\/\/www.puromega.com\/din-score\/"},"modified":"2024-06-05T08:43:00","modified_gmt":"2024-06-05T08:43:00","slug":"din-score","status":"publish","type":"page","link":"https:\/\/www.puromega.com\/sv\/din-score\/","title":{"rendered":"Dina po\u00e4ng"},"content":{"rendered":"\n<h3 class=\"wp-block-heading\"><br>Hur fungerar detta onlinetest?<\/h3>\n\n\n\n<p>F\u00f6r att resultatet av detta omega-3-test ska bli s\u00e5 exakt som m\u00f6jligt har vi identifierat ett antal olika k\u00e4llor till EPA\/DHA och r\u00e4knat ut genomsnittsv\u00e4rden som vi utg\u00e5r fr\u00e5n i detta test. Testet \u00e4r endast avsett att anv\u00e4ndas som indikation p\u00e5 om du f\u00e5r i dig s\u00e5 mycket av omega-3-fettsyrorna EPA\/DHA som WHO (V\u00e4rldsh\u00e4lsoorganisationen) rekommenderar.<\/p>\n\n\n\n<p>Vit\/mager fisk: 235 mg per portion<br>Fet fisk: 541 mg per portion<br>Tran: 1000 mg per dagsdos<br>Omega-3-tillskott: 530 mg per dagsdos<\/p>\n\n\n\n<p><u><a href=\"https:\/\/www.puromega.com\/sv\/bestall-omega-3\/\">Testa PurOmega 95%, marknadens mest koncentrerade Omega-3<\/a><\/u><\/p>\n","protected":false},"excerpt":{"rendered":"<p>Hur fungerar detta onlinetest? F\u00f6r att resultatet av detta omega-3-test ska bli s\u00e5 exakt som m\u00f6jligt har vi identifierat ett antal olika k\u00e4llor till EPA\/DHA och r\u00e4knat ut genomsnittsv\u00e4rden som vi utg\u00e5r fr\u00e5n i detta test. Testet \u00e4r endast avsett att anv\u00e4ndas som indikation p\u00e5 om du f\u00e5r i dig s\u00e5 mycket av omega-3-fettsyrorna EPA\/DHA [&hellip;]<\/p>\n","protected":false},"author":1,"featured_media":0,"parent":0,"menu_order":0,"comment_status":"closed","ping_status":"closed","template":"templates\/din-score.php","meta":{"_acf_changed":false,"footnotes":""},"class_list":["post-12209","page","type-page","status-publish","hentry"],"acf":[],"yoast_head":"<!-- This site is optimized with the Yoast SEO plugin v27.5 - https:\/\/yoast.com\/product\/yoast-seo-wordpress\/ -->\n<title>Dina po\u00e4ng - PurOmega<\/title>\n<meta name=\"robots\" content=\"index, follow, max-snippet:-1, max-image-preview:large, max-video-preview:-1\" \/>\n<link rel=\"canonical\" href=\"https:\/\/www.puromega.com\/sv\/din-score\/\" \/>\n<meta property=\"og:locale\" content=\"sv_SE\" \/>\n<meta property=\"og:type\" content=\"article\" \/>\n<meta property=\"og:title\" content=\"Dina po\u00e4ng - PurOmega\" \/>\n<meta property=\"og:description\" content=\"Hur fungerar detta onlinetest? F\u00f6r att resultatet av detta omega-3-test ska bli s\u00e5 exakt som m\u00f6jligt har vi identifierat ett antal olika k\u00e4llor till EPA\/DHA och r\u00e4knat ut genomsnittsv\u00e4rden som vi utg\u00e5r fr\u00e5n i detta test. Testet \u00e4r endast avsett att anv\u00e4ndas som indikation p\u00e5 om du f\u00e5r i dig s\u00e5 mycket av omega-3-fettsyrorna EPA\/DHA [&hellip;]\" \/>\n<meta property=\"og:url\" content=\"https:\/\/www.puromega.com\/sv\/din-score\/\" \/>\n<meta property=\"og:site_name\" content=\"PurOmega\" \/>\n<meta property=\"article:modified_time\" content=\"2024-06-05T08:43:00+00:00\" \/>\n<meta name=\"twitter:card\" content=\"summary_large_image\" \/>\n<meta name=\"twitter:label1\" content=\"Est. reading time\" \/>\n\t<meta name=\"twitter:data1\" content=\"1 minute\" \/>\n<script type=\"application\/ld+json\" class=\"yoast-schema-graph\">{\"@context\":\"https:\\\/\\\/schema.org\",\"@graph\":[{\"@type\":\"WebPage\",\"@id\":\"https:\\\/\\\/www.puromega.com\\\/sv\\\/din-score\\\/\",\"url\":\"https:\\\/\\\/www.puromega.com\\\/sv\\\/din-score\\\/\",\"name\":\"Dina po\u00e4ng - PurOmega\",\"isPartOf\":{\"@id\":\"https:\\\/\\\/www.puromega.com\\\/#website\"},\"datePublished\":\"2019-06-10T06:34:32+00:00\",\"dateModified\":\"2024-06-05T08:43:00+00:00\",\"breadcrumb\":{\"@id\":\"https:\\\/\\\/www.puromega.com\\\/sv\\\/din-score\\\/#breadcrumb\"},\"inLanguage\":\"sv-se\",\"potentialAction\":[{\"@type\":\"ReadAction\",\"target\":[\"https:\\\/\\\/www.puromega.com\\\/sv\\\/din-score\\\/\"]}]},{\"@type\":\"BreadcrumbList\",\"@id\":\"https:\\\/\\\/www.puromega.com\\\/sv\\\/din-score\\\/#breadcrumb\",\"itemListElement\":[{\"@type\":\"ListItem\",\"position\":1,\"name\":\"Forsiden\",\"item\":\"https:\\\/\\\/www.puromega.com\\\/sv\\\/\"},{\"@type\":\"ListItem\",\"position\":2,\"name\":\"Dina po\u00e4ng\"}]},{\"@type\":\"WebSite\",\"@id\":\"https:\\\/\\\/www.puromega.com\\\/#website\",\"url\":\"https:\\\/\\\/www.puromega.com\\\/\",\"name\":\"PurOmega\",\"description\":\"Omega-3 kapsler utviklet etter flere \u00e5rs forskning for \u00e5 oppn\u00e5 m\u00e5lsettingen om \u00e5 v\u00e6re verdens mest konsentrerte og reneste Omega-3 produkt.\",\"potentialAction\":[{\"@type\":\"SearchAction\",\"target\":{\"@type\":\"EntryPoint\",\"urlTemplate\":\"https:\\\/\\\/www.puromega.com\\\/?s={search_term_string}\"},\"query-input\":{\"@type\":\"PropertyValueSpecification\",\"valueRequired\":true,\"valueName\":\"search_term_string\"}}],\"inLanguage\":\"sv-se\"}]}<\/script>\n<!-- \/ Yoast SEO plugin. -->","yoast_head_json":{"title":"Dina po\u00e4ng - PurOmega","robots":{"index":"index","follow":"follow","max-snippet":"max-snippet:-1","max-image-preview":"max-image-preview:large","max-video-preview":"max-video-preview:-1"},"canonical":"https:\/\/www.puromega.com\/sv\/din-score\/","og_locale":"sv_SE","og_type":"article","og_title":"Dina po\u00e4ng - PurOmega","og_description":"Hur fungerar detta onlinetest? F\u00f6r att resultatet av detta omega-3-test ska bli s\u00e5 exakt som m\u00f6jligt har vi identifierat ett antal olika k\u00e4llor till EPA\/DHA och r\u00e4knat ut genomsnittsv\u00e4rden som vi utg\u00e5r fr\u00e5n i detta test. Testet \u00e4r endast avsett att anv\u00e4ndas som indikation p\u00e5 om du f\u00e5r i dig s\u00e5 mycket av omega-3-fettsyrorna EPA\/DHA [&hellip;]","og_url":"https:\/\/www.puromega.com\/sv\/din-score\/","og_site_name":"PurOmega","article_modified_time":"2024-06-05T08:43:00+00:00","twitter_card":"summary_large_image","twitter_misc":{"Est. reading time":"1 minute"},"schema":{"@context":"https:\/\/schema.org","@graph":[{"@type":"WebPage","@id":"https:\/\/www.puromega.com\/sv\/din-score\/","url":"https:\/\/www.puromega.com\/sv\/din-score\/","name":"Dina po\u00e4ng - PurOmega","isPartOf":{"@id":"https:\/\/www.puromega.com\/#website"},"datePublished":"2019-06-10T06:34:32+00:00","dateModified":"2024-06-05T08:43:00+00:00","breadcrumb":{"@id":"https:\/\/www.puromega.com\/sv\/din-score\/#breadcrumb"},"inLanguage":"sv-se","potentialAction":[{"@type":"ReadAction","target":["https:\/\/www.puromega.com\/sv\/din-score\/"]}]},{"@type":"BreadcrumbList","@id":"https:\/\/www.puromega.com\/sv\/din-score\/#breadcrumb","itemListElement":[{"@type":"ListItem","position":1,"name":"Forsiden","item":"https:\/\/www.puromega.com\/sv\/"},{"@type":"ListItem","position":2,"name":"Dina po\u00e4ng"}]},{"@type":"WebSite","@id":"https:\/\/www.puromega.com\/#website","url":"https:\/\/www.puromega.com\/","name":"PurOmega","description":"Omega-3 kapsler utviklet etter flere \u00e5rs forskning for \u00e5 oppn\u00e5 m\u00e5lsettingen om \u00e5 v\u00e6re verdens mest konsentrerte og reneste Omega-3 produkt.","potentialAction":[{"@type":"SearchAction","target":{"@type":"EntryPoint","urlTemplate":"https:\/\/www.puromega.com\/?s={search_term_string}"},"query-input":{"@type":"PropertyValueSpecification","valueRequired":true,"valueName":"search_term_string"}}],"inLanguage":"sv-se"}]}},"_links":{"self":[{"href":"https:\/\/www.puromega.com\/sv\/wp-json\/wp\/v2\/pages\/12209","targetHints":{"allow":["GET"]}}],"collection":[{"href":"https:\/\/www.puromega.com\/sv\/wp-json\/wp\/v2\/pages"}],"about":[{"href":"https:\/\/www.puromega.com\/sv\/wp-json\/wp\/v2\/types\/page"}],"author":[{"embeddable":true,"href":"https:\/\/www.puromega.com\/sv\/wp-json\/wp\/v2\/users\/1"}],"replies":[{"embeddable":true,"href":"https:\/\/www.puromega.com\/sv\/wp-json\/wp\/v2\/comments?post=12209"}],"version-history":[{"count":3,"href":"https:\/\/www.puromega.com\/sv\/wp-json\/wp\/v2\/pages\/12209\/revisions"}],"predecessor-version":[{"id":23937,"href":"https:\/\/www.puromega.com\/sv\/wp-json\/wp\/v2\/pages\/12209\/revisions\/23937"}],"wp:attachment":[{"href":"https:\/\/www.puromega.com\/sv\/wp-json\/wp\/v2\/media?parent=12209"}],"curies":[{"name":"wp","href":"https:\/\/api.w.org\/{rel}","templated":true}]}}