{"id":12210,"date":"2019-06-10T05:58:43","date_gmt":"2019-06-10T05:58:43","guid":{"rendered":"https:\/\/www.puromega.com\/test-ditt-omega-3-niva\/"},"modified":"2021-02-08T10:42:19","modified_gmt":"2021-02-08T10:42:19","slug":"testa-din-omega-3-niva","status":"publish","type":"page","link":"https:\/\/www.puromega.com\/sv\/testa-din-omega-3-niva\/","title":{"rendered":"Testa din omega-3-niv\u00e5"},"content":{"rendered":"\n<p>Det h\u00e4r omega-3-testet kan ge en indikation p\u00e5 om du f\u00e5r i dig s\u00e5 mycket av de essentiella omega-3-fettsyrorna EPA\/DHA som WHO (V\u00e4rldsh\u00e4lsoorganisationen) rekommenderar. <\/p>\n","protected":false},"excerpt":{"rendered":"<p>Det h\u00e4r omega-3-testet kan ge en indikation p\u00e5 om du f\u00e5r i dig s\u00e5 mycket av de essentiella omega-3-fettsyrorna EPA\/DHA som WHO (V\u00e4rldsh\u00e4lsoorganisationen) rekommenderar.<\/p>\n","protected":false},"author":1,"featured_media":0,"parent":0,"menu_order":0,"comment_status":"closed","ping_status":"closed","template":"templates\/quiz-form.php","meta":{"_acf_changed":false,"footnotes":""},"class_list":["post-12210","page","type-page","status-publish","hentry"],"acf":[],"yoast_head":"<!-- This site is optimized with the Yoast SEO plugin v27.5 - https:\/\/yoast.com\/product\/yoast-seo-wordpress\/ -->\n<title>Testa din omega-3-niv\u00e5 - PurOmega<\/title>\n<meta name=\"description\" content=\"Vill du veta vad du har f\u00f6r omega-3-niv\u00e5 i kroppen? G\u00f6r ett test som visar om du f\u00e5r i dig den m\u00e4ngd omega-3 som V\u00e4rldsh\u00e4lsoorganisationen rekommenderar.\" \/>\n<meta name=\"robots\" content=\"index, follow, max-snippet:-1, max-image-preview:large, max-video-preview:-1\" \/>\n<link rel=\"canonical\" href=\"https:\/\/www.puromega.com\/sv\/testa-din-omega-3-niva\/\" \/>\n<meta property=\"og:locale\" content=\"sv_SE\" \/>\n<meta property=\"og:type\" content=\"article\" \/>\n<meta property=\"og:title\" content=\"Testa din omega-3-niv\u00e5 - PurOmega\" \/>\n<meta property=\"og:description\" content=\"Vill du veta vad du har f\u00f6r omega-3-niv\u00e5 i kroppen? G\u00f6r ett test som visar om du f\u00e5r i dig den m\u00e4ngd omega-3 som V\u00e4rldsh\u00e4lsoorganisationen rekommenderar.\" \/>\n<meta property=\"og:url\" content=\"https:\/\/www.puromega.com\/sv\/testa-din-omega-3-niva\/\" \/>\n<meta property=\"og:site_name\" content=\"PurOmega\" \/>\n<meta property=\"article:modified_time\" content=\"2021-02-08T10:42:19+00:00\" \/>\n<meta name=\"twitter:card\" content=\"summary_large_image\" \/>\n<script type=\"application\/ld+json\" class=\"yoast-schema-graph\">{\"@context\":\"https:\\\/\\\/schema.org\",\"@graph\":[{\"@type\":\"WebPage\",\"@id\":\"https:\\\/\\\/www.puromega.com\\\/sv\\\/testa-din-omega-3-niva\\\/\",\"url\":\"https:\\\/\\\/www.puromega.com\\\/sv\\\/testa-din-omega-3-niva\\\/\",\"name\":\"Testa din omega-3-niv\u00e5 - PurOmega\",\"isPartOf\":{\"@id\":\"https:\\\/\\\/www.puromega.com\\\/#website\"},\"datePublished\":\"2019-06-10T05:58:43+00:00\",\"dateModified\":\"2021-02-08T10:42:19+00:00\",\"description\":\"Vill du veta vad du har f\u00f6r omega-3-niv\u00e5 i kroppen? G\u00f6r ett test som visar om du f\u00e5r i dig den m\u00e4ngd omega-3 som V\u00e4rldsh\u00e4lsoorganisationen rekommenderar.\",\"breadcrumb\":{\"@id\":\"https:\\\/\\\/www.puromega.com\\\/sv\\\/testa-din-omega-3-niva\\\/#breadcrumb\"},\"inLanguage\":\"sv-se\",\"potentialAction\":[{\"@type\":\"ReadAction\",\"target\":[\"https:\\\/\\\/www.puromega.com\\\/sv\\\/testa-din-omega-3-niva\\\/\"]}]},{\"@type\":\"BreadcrumbList\",\"@id\":\"https:\\\/\\\/www.puromega.com\\\/sv\\\/testa-din-omega-3-niva\\\/#breadcrumb\",\"itemListElement\":[{\"@type\":\"ListItem\",\"position\":1,\"name\":\"Forsiden\",\"item\":\"https:\\\/\\\/www.puromega.com\\\/sv\\\/\"},{\"@type\":\"ListItem\",\"position\":2,\"name\":\"Testa din omega-3-niv\u00e5\"}]},{\"@type\":\"WebSite\",\"@id\":\"https:\\\/\\\/www.puromega.com\\\/#website\",\"url\":\"https:\\\/\\\/www.puromega.com\\\/\",\"name\":\"PurOmega\",\"description\":\"Omega-3 kapsler utviklet etter flere \u00e5rs forskning for \u00e5 oppn\u00e5 m\u00e5lsettingen om \u00e5 v\u00e6re verdens mest konsentrerte og reneste Omega-3 produkt.\",\"potentialAction\":[{\"@type\":\"SearchAction\",\"target\":{\"@type\":\"EntryPoint\",\"urlTemplate\":\"https:\\\/\\\/www.puromega.com\\\/?s={search_term_string}\"},\"query-input\":{\"@type\":\"PropertyValueSpecification\",\"valueRequired\":true,\"valueName\":\"search_term_string\"}}],\"inLanguage\":\"sv-se\"}]}<\/script>\n<!-- \/ Yoast SEO plugin. -->","yoast_head_json":{"title":"Testa din omega-3-niv\u00e5 - PurOmega","description":"Vill du veta vad du har f\u00f6r omega-3-niv\u00e5 i kroppen? G\u00f6r ett test som visar om du f\u00e5r i dig den m\u00e4ngd omega-3 som V\u00e4rldsh\u00e4lsoorganisationen rekommenderar.","robots":{"index":"index","follow":"follow","max-snippet":"max-snippet:-1","max-image-preview":"max-image-preview:large","max-video-preview":"max-video-preview:-1"},"canonical":"https:\/\/www.puromega.com\/sv\/testa-din-omega-3-niva\/","og_locale":"sv_SE","og_type":"article","og_title":"Testa din omega-3-niv\u00e5 - PurOmega","og_description":"Vill du veta vad du har f\u00f6r omega-3-niv\u00e5 i kroppen? G\u00f6r ett test som visar om du f\u00e5r i dig den m\u00e4ngd omega-3 som V\u00e4rldsh\u00e4lsoorganisationen rekommenderar.","og_url":"https:\/\/www.puromega.com\/sv\/testa-din-omega-3-niva\/","og_site_name":"PurOmega","article_modified_time":"2021-02-08T10:42:19+00:00","twitter_card":"summary_large_image","schema":{"@context":"https:\/\/schema.org","@graph":[{"@type":"WebPage","@id":"https:\/\/www.puromega.com\/sv\/testa-din-omega-3-niva\/","url":"https:\/\/www.puromega.com\/sv\/testa-din-omega-3-niva\/","name":"Testa din omega-3-niv\u00e5 - PurOmega","isPartOf":{"@id":"https:\/\/www.puromega.com\/#website"},"datePublished":"2019-06-10T05:58:43+00:00","dateModified":"2021-02-08T10:42:19+00:00","description":"Vill du veta vad du har f\u00f6r omega-3-niv\u00e5 i kroppen? G\u00f6r ett test som visar om du f\u00e5r i dig den m\u00e4ngd omega-3 som V\u00e4rldsh\u00e4lsoorganisationen rekommenderar.","breadcrumb":{"@id":"https:\/\/www.puromega.com\/sv\/testa-din-omega-3-niva\/#breadcrumb"},"inLanguage":"sv-se","potentialAction":[{"@type":"ReadAction","target":["https:\/\/www.puromega.com\/sv\/testa-din-omega-3-niva\/"]}]},{"@type":"BreadcrumbList","@id":"https:\/\/www.puromega.com\/sv\/testa-din-omega-3-niva\/#breadcrumb","itemListElement":[{"@type":"ListItem","position":1,"name":"Forsiden","item":"https:\/\/www.puromega.com\/sv\/"},{"@type":"ListItem","position":2,"name":"Testa din omega-3-niv\u00e5"}]},{"@type":"WebSite","@id":"https:\/\/www.puromega.com\/#website","url":"https:\/\/www.puromega.com\/","name":"PurOmega","description":"Omega-3 kapsler utviklet etter flere \u00e5rs forskning for \u00e5 oppn\u00e5 m\u00e5lsettingen om \u00e5 v\u00e6re verdens mest konsentrerte og reneste Omega-3 produkt.","potentialAction":[{"@type":"SearchAction","target":{"@type":"EntryPoint","urlTemplate":"https:\/\/www.puromega.com\/?s={search_term_string}"},"query-input":{"@type":"PropertyValueSpecification","valueRequired":true,"valueName":"search_term_string"}}],"inLanguage":"sv-se"}]}},"_links":{"self":[{"href":"https:\/\/www.puromega.com\/sv\/wp-json\/wp\/v2\/pages\/12210","targetHints":{"allow":["GET"]}}],"collection":[{"href":"https:\/\/www.puromega.com\/sv\/wp-json\/wp\/v2\/pages"}],"about":[{"href":"https:\/\/www.puromega.com\/sv\/wp-json\/wp\/v2\/types\/page"}],"author":[{"embeddable":true,"href":"https:\/\/www.puromega.com\/sv\/wp-json\/wp\/v2\/users\/1"}],"replies":[{"embeddable":true,"href":"https:\/\/www.puromega.com\/sv\/wp-json\/wp\/v2\/comments?post=12210"}],"version-history":[{"count":3,"href":"https:\/\/www.puromega.com\/sv\/wp-json\/wp\/v2\/pages\/12210\/revisions"}],"predecessor-version":[{"id":14958,"href":"https:\/\/www.puromega.com\/sv\/wp-json\/wp\/v2\/pages\/12210\/revisions\/14958"}],"wp:attachment":[{"href":"https:\/\/www.puromega.com\/sv\/wp-json\/wp\/v2\/media?parent=12210"}],"curies":[{"name":"wp","href":"https:\/\/api.w.org\/{rel}","templated":true}]}}