{"id":12219,"date":"2019-06-03T14:02:13","date_gmt":"2019-06-03T14:02:13","guid":{"rendered":"https:\/\/www.puromega.com\/kontakt-oss\/"},"modified":"2022-03-23T14:21:36","modified_gmt":"2022-03-23T14:21:36","slug":"kontakta-oss","status":"publish","type":"page","link":"https:\/\/www.puromega.com\/sv\/kontakta-oss\/","title":{"rendered":"Kontakta oss"},"content":{"rendered":"\n<p>Fr\u00e5gor om PurOmega? Kontakta oss &#8211; vi svarar dig s\u00e5 snart vi kan.<\/p>\n\n\n\n<p>PurOmega Nordic AS<br>Bj\u00f8rumsveien 15<br>NO-4820 Froland<br>Norge<br><br>Telefon:<br>041-849 54 50<br>(M\u00e5ndag\u2013fredag kl. 10:00\u201315:00)<\/p>\n\n\n\n<p>E-post:<br><a href=\"mailto:kundeservice@puromega.com\">kundeservice@puromega.com<\/a><\/p>\n","protected":false},"excerpt":{"rendered":"<p>Fr\u00e5gor om PurOmega? Kontakta oss &#8211; vi svarar dig s\u00e5 snart vi kan. PurOmega Nordic ASBj\u00f8rumsveien 15NO-4820 FrolandNorge Telefon:041-849 54 50(M\u00e5ndag\u2013fredag kl. 10:00\u201315:00) E-post:kundeservice@puromega.com<\/p>\n","protected":false},"author":1,"featured_media":0,"parent":0,"menu_order":0,"comment_status":"closed","ping_status":"closed","template":"","meta":{"_acf_changed":false,"footnotes":""},"class_list":["post-12219","page","type-page","status-publish","hentry"],"acf":[],"yoast_head":"<!-- This site is optimized with the Yoast SEO plugin v27.5 - https:\/\/yoast.com\/product\/yoast-seo-wordpress\/ -->\n<title>Kontakta oss - PurOmega<\/title>\n<meta name=\"description\" content=\"PurOmega leverer verdens reneste og mest h\u00f8ykonsentrerte Omega-3-tilskudd. Sp\u00f8rsm\u00e5l? Ta kontakt!\" \/>\n<meta name=\"robots\" content=\"index, follow, max-snippet:-1, max-image-preview:large, max-video-preview:-1\" \/>\n<link rel=\"canonical\" href=\"https:\/\/www.puromega.com\/sv\/kontakta-oss\/\" \/>\n<meta property=\"og:locale\" content=\"sv_SE\" \/>\n<meta property=\"og:type\" content=\"article\" \/>\n<meta property=\"og:title\" content=\"Kontakta oss - PurOmega\" \/>\n<meta property=\"og:description\" content=\"PurOmega leverer verdens reneste og mest h\u00f8ykonsentrerte Omega-3-tilskudd. Sp\u00f8rsm\u00e5l? Ta kontakt!\" \/>\n<meta property=\"og:url\" content=\"https:\/\/www.puromega.com\/sv\/kontakta-oss\/\" \/>\n<meta property=\"og:site_name\" content=\"PurOmega\" \/>\n<meta property=\"article:modified_time\" content=\"2022-03-23T14:21:36+00:00\" \/>\n<meta name=\"twitter:card\" content=\"summary_large_image\" \/>\n<script type=\"application\/ld+json\" class=\"yoast-schema-graph\">{\"@context\":\"https:\\\/\\\/schema.org\",\"@graph\":[{\"@type\":\"WebPage\",\"@id\":\"https:\\\/\\\/www.puromega.com\\\/sv\\\/kontakta-oss\\\/\",\"url\":\"https:\\\/\\\/www.puromega.com\\\/sv\\\/kontakta-oss\\\/\",\"name\":\"Kontakta oss - PurOmega\",\"isPartOf\":{\"@id\":\"https:\\\/\\\/www.puromega.com\\\/#website\"},\"datePublished\":\"2019-06-03T14:02:13+00:00\",\"dateModified\":\"2022-03-23T14:21:36+00:00\",\"description\":\"PurOmega leverer verdens reneste og mest h\u00f8ykonsentrerte Omega-3-tilskudd. Sp\u00f8rsm\u00e5l? Ta kontakt!\",\"breadcrumb\":{\"@id\":\"https:\\\/\\\/www.puromega.com\\\/sv\\\/kontakta-oss\\\/#breadcrumb\"},\"inLanguage\":\"sv-se\",\"potentialAction\":[{\"@type\":\"ReadAction\",\"target\":[\"https:\\\/\\\/www.puromega.com\\\/sv\\\/kontakta-oss\\\/\"]}]},{\"@type\":\"BreadcrumbList\",\"@id\":\"https:\\\/\\\/www.puromega.com\\\/sv\\\/kontakta-oss\\\/#breadcrumb\",\"itemListElement\":[{\"@type\":\"ListItem\",\"position\":1,\"name\":\"Forsiden\",\"item\":\"https:\\\/\\\/www.puromega.com\\\/sv\\\/\"},{\"@type\":\"ListItem\",\"position\":2,\"name\":\"Kontakta oss\"}]},{\"@type\":\"WebSite\",\"@id\":\"https:\\\/\\\/www.puromega.com\\\/#website\",\"url\":\"https:\\\/\\\/www.puromega.com\\\/\",\"name\":\"PurOmega\",\"description\":\"Omega-3 kapsler utviklet etter flere \u00e5rs forskning for \u00e5 oppn\u00e5 m\u00e5lsettingen om \u00e5 v\u00e6re verdens mest konsentrerte og reneste Omega-3 produkt.\",\"potentialAction\":[{\"@type\":\"SearchAction\",\"target\":{\"@type\":\"EntryPoint\",\"urlTemplate\":\"https:\\\/\\\/www.puromega.com\\\/?s={search_term_string}\"},\"query-input\":{\"@type\":\"PropertyValueSpecification\",\"valueRequired\":true,\"valueName\":\"search_term_string\"}}],\"inLanguage\":\"sv-se\"}]}<\/script>\n<!-- \/ Yoast SEO plugin. -->","yoast_head_json":{"title":"Kontakta oss - PurOmega","description":"PurOmega leverer verdens reneste og mest h\u00f8ykonsentrerte Omega-3-tilskudd. Sp\u00f8rsm\u00e5l? Ta kontakt!","robots":{"index":"index","follow":"follow","max-snippet":"max-snippet:-1","max-image-preview":"max-image-preview:large","max-video-preview":"max-video-preview:-1"},"canonical":"https:\/\/www.puromega.com\/sv\/kontakta-oss\/","og_locale":"sv_SE","og_type":"article","og_title":"Kontakta oss - PurOmega","og_description":"PurOmega leverer verdens reneste og mest h\u00f8ykonsentrerte Omega-3-tilskudd. Sp\u00f8rsm\u00e5l? Ta kontakt!","og_url":"https:\/\/www.puromega.com\/sv\/kontakta-oss\/","og_site_name":"PurOmega","article_modified_time":"2022-03-23T14:21:36+00:00","twitter_card":"summary_large_image","schema":{"@context":"https:\/\/schema.org","@graph":[{"@type":"WebPage","@id":"https:\/\/www.puromega.com\/sv\/kontakta-oss\/","url":"https:\/\/www.puromega.com\/sv\/kontakta-oss\/","name":"Kontakta oss - PurOmega","isPartOf":{"@id":"https:\/\/www.puromega.com\/#website"},"datePublished":"2019-06-03T14:02:13+00:00","dateModified":"2022-03-23T14:21:36+00:00","description":"PurOmega leverer verdens reneste og mest h\u00f8ykonsentrerte Omega-3-tilskudd. Sp\u00f8rsm\u00e5l? Ta kontakt!","breadcrumb":{"@id":"https:\/\/www.puromega.com\/sv\/kontakta-oss\/#breadcrumb"},"inLanguage":"sv-se","potentialAction":[{"@type":"ReadAction","target":["https:\/\/www.puromega.com\/sv\/kontakta-oss\/"]}]},{"@type":"BreadcrumbList","@id":"https:\/\/www.puromega.com\/sv\/kontakta-oss\/#breadcrumb","itemListElement":[{"@type":"ListItem","position":1,"name":"Forsiden","item":"https:\/\/www.puromega.com\/sv\/"},{"@type":"ListItem","position":2,"name":"Kontakta oss"}]},{"@type":"WebSite","@id":"https:\/\/www.puromega.com\/#website","url":"https:\/\/www.puromega.com\/","name":"PurOmega","description":"Omega-3 kapsler utviklet etter flere \u00e5rs forskning for \u00e5 oppn\u00e5 m\u00e5lsettingen om \u00e5 v\u00e6re verdens mest konsentrerte og reneste Omega-3 produkt.","potentialAction":[{"@type":"SearchAction","target":{"@type":"EntryPoint","urlTemplate":"https:\/\/www.puromega.com\/?s={search_term_string}"},"query-input":{"@type":"PropertyValueSpecification","valueRequired":true,"valueName":"search_term_string"}}],"inLanguage":"sv-se"}]}},"_links":{"self":[{"href":"https:\/\/www.puromega.com\/sv\/wp-json\/wp\/v2\/pages\/12219","targetHints":{"allow":["GET"]}}],"collection":[{"href":"https:\/\/www.puromega.com\/sv\/wp-json\/wp\/v2\/pages"}],"about":[{"href":"https:\/\/www.puromega.com\/sv\/wp-json\/wp\/v2\/types\/page"}],"author":[{"embeddable":true,"href":"https:\/\/www.puromega.com\/sv\/wp-json\/wp\/v2\/users\/1"}],"replies":[{"embeddable":true,"href":"https:\/\/www.puromega.com\/sv\/wp-json\/wp\/v2\/comments?post=12219"}],"version-history":[{"count":3,"href":"https:\/\/www.puromega.com\/sv\/wp-json\/wp\/v2\/pages\/12219\/revisions"}],"predecessor-version":[{"id":18349,"href":"https:\/\/www.puromega.com\/sv\/wp-json\/wp\/v2\/pages\/12219\/revisions\/18349"}],"wp:attachment":[{"href":"https:\/\/www.puromega.com\/sv\/wp-json\/wp\/v2\/media?parent=12219"}],"curies":[{"name":"wp","href":"https:\/\/api.w.org\/{rel}","templated":true}]}}