{"id":12220,"date":"2019-06-03T13:46:43","date_gmt":"2019-06-03T13:46:43","guid":{"rendered":"https:\/\/www.puromega.com\/ofte-stilte-sporsmal-om-omega-3\/"},"modified":"2021-01-12T11:09:08","modified_gmt":"2021-01-12T11:09:08","slug":"faq","status":"publish","type":"page","link":"https:\/\/www.puromega.com\/sv\/faq\/","title":{"rendered":"Fr\u00e5gor"},"content":{"rendered":"\n<p><strong>Hittar du inte svaret p\u00e5 din fr\u00e5ga?<br><\/strong><a href=\"https:\/\/www.puromega.com\/sv\/kontakta-oss\/\"><u>Kontakta oss<\/u><\/a><a href=\"https:\/\/www.puromega.com\/sv\/kontakt-oss\/\">&nbsp;<\/a>&#8211; vi hj\u00e4lper dig!<\/p>\n","protected":false},"excerpt":{"rendered":"<p>Hittar du inte svaret p\u00e5 din fr\u00e5ga?Kontakta oss&nbsp;&#8211; vi hj\u00e4lper dig!<\/p>\n","protected":false},"author":1,"featured_media":0,"parent":0,"menu_order":0,"comment_status":"closed","ping_status":"closed","template":"templates\/archive-faq.php","meta":[],"acf":[],"yoast_head":"<!-- This site is optimized with the Yoast SEO plugin v20.1 - https:\/\/yoast.com\/wordpress\/plugins\/seo\/ -->\n<title>Fr\u00e5gor - PurOmega<\/title>\n<meta name=\"description\" content=\"F\u00e5 svar p\u00e5 det du lurer p\u00e5 om Omega-3 og kosttilskuddet PurOmega.\" \/>\n<meta name=\"robots\" content=\"index, follow, max-snippet:-1, max-image-preview:large, max-video-preview:-1\" \/>\n<link rel=\"canonical\" href=\"https:\/\/www.puromega.com\/sv\/faq\/\" \/>\n<meta property=\"og:locale\" content=\"sv_SE\" \/>\n<meta property=\"og:type\" content=\"article\" \/>\n<meta property=\"og:title\" content=\"Fr\u00e5gor - PurOmega\" \/>\n<meta property=\"og:description\" content=\"F\u00e5 svar p\u00e5 det du lurer p\u00e5 om Omega-3 og kosttilskuddet PurOmega.\" \/>\n<meta property=\"og:url\" content=\"https:\/\/www.puromega.com\/sv\/faq\/\" \/>\n<meta property=\"og:site_name\" content=\"PurOmega\" \/>\n<meta property=\"article:modified_time\" content=\"2021-01-12T11:09:08+00:00\" \/>\n<meta name=\"twitter:card\" content=\"summary_large_image\" \/>\n<script type=\"application\/ld+json\" class=\"yoast-schema-graph\">{\"@context\":\"https:\/\/schema.org\",\"@graph\":[{\"@type\":\"WebPage\",\"@id\":\"https:\/\/www.puromega.com\/sv\/faq\/\",\"url\":\"https:\/\/www.puromega.com\/sv\/faq\/\",\"name\":\"Fr\u00e5gor - PurOmega\",\"isPartOf\":{\"@id\":\"https:\/\/www.puromega.com\/#website\"},\"datePublished\":\"2019-06-03T13:46:43+00:00\",\"dateModified\":\"2021-01-12T11:09:08+00:00\",\"description\":\"F\u00e5 svar p\u00e5 det du lurer p\u00e5 om Omega-3 og kosttilskuddet PurOmega.\",\"breadcrumb\":{\"@id\":\"https:\/\/www.puromega.com\/sv\/faq\/#breadcrumb\"},\"inLanguage\":\"sv-se\",\"potentialAction\":[{\"@type\":\"ReadAction\",\"target\":[\"https:\/\/www.puromega.com\/sv\/faq\/\"]}]},{\"@type\":\"BreadcrumbList\",\"@id\":\"https:\/\/www.puromega.com\/sv\/faq\/#breadcrumb\",\"itemListElement\":[{\"@type\":\"ListItem\",\"position\":1,\"name\":\"Forsiden\",\"item\":\"https:\/\/www.puromega.com\/sv\/\"},{\"@type\":\"ListItem\",\"position\":2,\"name\":\"Fr\u00e5gor\"}]},{\"@type\":\"WebSite\",\"@id\":\"https:\/\/www.puromega.com\/#website\",\"url\":\"https:\/\/www.puromega.com\/\",\"name\":\"PurOmega\",\"description\":\"Omega-3 kapsler utviklet etter flere \u00e5rs forskning for \u00e5 oppn\u00e5 m\u00e5lsettingen om \u00e5 v\u00e6re verdens mest konsentrerte og reneste Omega-3 produkt.\",\"potentialAction\":[{\"@type\":\"SearchAction\",\"target\":{\"@type\":\"EntryPoint\",\"urlTemplate\":\"https:\/\/www.puromega.com\/?s={search_term_string}\"},\"query-input\":\"required name=search_term_string\"}],\"inLanguage\":\"sv-se\"}]}<\/script>\n<!-- \/ Yoast SEO plugin. -->","yoast_head_json":{"title":"Fr\u00e5gor - PurOmega","description":"F\u00e5 svar p\u00e5 det du lurer p\u00e5 om Omega-3 og kosttilskuddet PurOmega.","robots":{"index":"index","follow":"follow","max-snippet":"max-snippet:-1","max-image-preview":"max-image-preview:large","max-video-preview":"max-video-preview:-1"},"canonical":"https:\/\/www.puromega.com\/sv\/faq\/","og_locale":"sv_SE","og_type":"article","og_title":"Fr\u00e5gor - PurOmega","og_description":"F\u00e5 svar p\u00e5 det du lurer p\u00e5 om Omega-3 og kosttilskuddet PurOmega.","og_url":"https:\/\/www.puromega.com\/sv\/faq\/","og_site_name":"PurOmega","article_modified_time":"2021-01-12T11:09:08+00:00","twitter_card":"summary_large_image","schema":{"@context":"https:\/\/schema.org","@graph":[{"@type":"WebPage","@id":"https:\/\/www.puromega.com\/sv\/faq\/","url":"https:\/\/www.puromega.com\/sv\/faq\/","name":"Fr\u00e5gor - PurOmega","isPartOf":{"@id":"https:\/\/www.puromega.com\/#website"},"datePublished":"2019-06-03T13:46:43+00:00","dateModified":"2021-01-12T11:09:08+00:00","description":"F\u00e5 svar p\u00e5 det du lurer p\u00e5 om Omega-3 og kosttilskuddet PurOmega.","breadcrumb":{"@id":"https:\/\/www.puromega.com\/sv\/faq\/#breadcrumb"},"inLanguage":"sv-se","potentialAction":[{"@type":"ReadAction","target":["https:\/\/www.puromega.com\/sv\/faq\/"]}]},{"@type":"BreadcrumbList","@id":"https:\/\/www.puromega.com\/sv\/faq\/#breadcrumb","itemListElement":[{"@type":"ListItem","position":1,"name":"Forsiden","item":"https:\/\/www.puromega.com\/sv\/"},{"@type":"ListItem","position":2,"name":"Fr\u00e5gor"}]},{"@type":"WebSite","@id":"https:\/\/www.puromega.com\/#website","url":"https:\/\/www.puromega.com\/","name":"PurOmega","description":"Omega-3 kapsler utviklet etter flere \u00e5rs forskning for \u00e5 oppn\u00e5 m\u00e5lsettingen om \u00e5 v\u00e6re verdens mest konsentrerte og reneste Omega-3 produkt.","potentialAction":[{"@type":"SearchAction","target":{"@type":"EntryPoint","urlTemplate":"https:\/\/www.puromega.com\/?s={search_term_string}"},"query-input":"required name=search_term_string"}],"inLanguage":"sv-se"}]}},"_links":{"self":[{"href":"https:\/\/www.puromega.com\/sv\/wp-json\/wp\/v2\/pages\/12220"}],"collection":[{"href":"https:\/\/www.puromega.com\/sv\/wp-json\/wp\/v2\/pages"}],"about":[{"href":"https:\/\/www.puromega.com\/sv\/wp-json\/wp\/v2\/types\/page"}],"author":[{"embeddable":true,"href":"https:\/\/www.puromega.com\/sv\/wp-json\/wp\/v2\/users\/1"}],"replies":[{"embeddable":true,"href":"https:\/\/www.puromega.com\/sv\/wp-json\/wp\/v2\/comments?post=12220"}],"version-history":[{"count":2,"href":"https:\/\/www.puromega.com\/sv\/wp-json\/wp\/v2\/pages\/12220\/revisions"}],"predecessor-version":[{"id":14259,"href":"https:\/\/www.puromega.com\/sv\/wp-json\/wp\/v2\/pages\/12220\/revisions\/14259"}],"wp:attachment":[{"href":"https:\/\/www.puromega.com\/sv\/wp-json\/wp\/v2\/media?parent=12220"}],"curies":[{"name":"wp","href":"https:\/\/api.w.org\/{rel}","templated":true}]}}