{"id":12224,"date":"2019-06-03T07:03:56","date_gmt":"2019-06-03T07:03:56","guid":{"rendered":"https:\/\/www.puromega.com\/omega-3-sammenligning\/"},"modified":"2020-10-22T13:01:49","modified_gmt":"2020-10-22T13:01:49","slug":"omega-3-sammenligning","status":"publish","type":"page","link":"https:\/\/www.puromega.com\/sv\/omega-3-sammenligning\/","title":{"rendered":"Omega-3 sammenligning"},"content":{"rendered":"\n<p><strong>I 2020 utf\u00f8rte vi en test av de bestselgende og mest kjente Omega-3 produktene i markedet. <a href=\"https:\/\/www.puromega.com\/omega-3-magasinet\/test-av-omega-3-kapsler\/\"><u>Testen finner du her.<\/u><\/a><\/strong> <\/p>\n","protected":false},"excerpt":{"rendered":"<p>I 2020 utf\u00f8rte vi en test av de bestselgende og mest kjente Omega-3 produktene i markedet. Testen finner du her.<\/p>\n","protected":false},"author":1,"featured_media":0,"parent":0,"menu_order":0,"comment_status":"closed","ping_status":"closed","template":"templates\/page-test.php","meta":{"_acf_changed":false,"footnotes":""},"class_list":["post-12224","page","type-page","status-publish","hentry"],"acf":[],"yoast_head":"<!-- This site is optimized with the Yoast SEO plugin v27.3 - https:\/\/yoast.com\/product\/yoast-seo-wordpress\/ -->\n<title>Omega-3 sammenligning - PurOmega<\/title>\n<meta name=\"description\" content=\"PurOmega 95% er et tilskudd utviklet etter flere \u00e5rs forskning for \u00e5 oppn\u00e5 m\u00e5lsettingen om \u00e5 v\u00e6re det mest konsentrerte Omega-3 produktet.\" \/>\n<meta name=\"robots\" content=\"index, follow, max-snippet:-1, max-image-preview:large, max-video-preview:-1\" \/>\n<link rel=\"canonical\" href=\"https:\/\/www.puromega.com\/sv\/omega-3-sammenligning\/\" \/>\n<meta property=\"og:locale\" content=\"sv_SE\" \/>\n<meta property=\"og:type\" content=\"article\" \/>\n<meta property=\"og:title\" content=\"Omega-3 sammenligning - PurOmega\" \/>\n<meta property=\"og:description\" content=\"PurOmega 95% er et tilskudd utviklet etter flere \u00e5rs forskning for \u00e5 oppn\u00e5 m\u00e5lsettingen om \u00e5 v\u00e6re det mest konsentrerte Omega-3 produktet.\" \/>\n<meta property=\"og:url\" content=\"https:\/\/www.puromega.com\/sv\/omega-3-sammenligning\/\" \/>\n<meta property=\"og:site_name\" content=\"PurOmega\" \/>\n<meta property=\"article:modified_time\" content=\"2020-10-22T13:01:49+00:00\" \/>\n<meta name=\"twitter:card\" content=\"summary_large_image\" \/>\n<script type=\"application\/ld+json\" class=\"yoast-schema-graph\">{\"@context\":\"https:\\\/\\\/schema.org\",\"@graph\":[{\"@type\":\"WebPage\",\"@id\":\"https:\\\/\\\/www.puromega.com\\\/sv\\\/omega-3-sammenligning\\\/\",\"url\":\"https:\\\/\\\/www.puromega.com\\\/sv\\\/omega-3-sammenligning\\\/\",\"name\":\"Omega-3 sammenligning - PurOmega\",\"isPartOf\":{\"@id\":\"https:\\\/\\\/www.puromega.com\\\/#website\"},\"datePublished\":\"2019-06-03T07:03:56+00:00\",\"dateModified\":\"2020-10-22T13:01:49+00:00\",\"description\":\"PurOmega 95% er et tilskudd utviklet etter flere \u00e5rs forskning for \u00e5 oppn\u00e5 m\u00e5lsettingen om \u00e5 v\u00e6re det mest konsentrerte Omega-3 produktet.\",\"breadcrumb\":{\"@id\":\"https:\\\/\\\/www.puromega.com\\\/sv\\\/omega-3-sammenligning\\\/#breadcrumb\"},\"inLanguage\":\"sv-se\",\"potentialAction\":[{\"@type\":\"ReadAction\",\"target\":[\"https:\\\/\\\/www.puromega.com\\\/sv\\\/omega-3-sammenligning\\\/\"]}]},{\"@type\":\"BreadcrumbList\",\"@id\":\"https:\\\/\\\/www.puromega.com\\\/sv\\\/omega-3-sammenligning\\\/#breadcrumb\",\"itemListElement\":[{\"@type\":\"ListItem\",\"position\":1,\"name\":\"Forsiden\",\"item\":\"https:\\\/\\\/www.puromega.com\\\/sv\\\/\"},{\"@type\":\"ListItem\",\"position\":2,\"name\":\"Omega-3 sammenligning\"}]},{\"@type\":\"WebSite\",\"@id\":\"https:\\\/\\\/www.puromega.com\\\/#website\",\"url\":\"https:\\\/\\\/www.puromega.com\\\/\",\"name\":\"PurOmega\",\"description\":\"Omega-3 kapsler utviklet etter flere \u00e5rs forskning for \u00e5 oppn\u00e5 m\u00e5lsettingen om \u00e5 v\u00e6re verdens mest konsentrerte og reneste Omega-3 produkt.\",\"potentialAction\":[{\"@type\":\"SearchAction\",\"target\":{\"@type\":\"EntryPoint\",\"urlTemplate\":\"https:\\\/\\\/www.puromega.com\\\/?s={search_term_string}\"},\"query-input\":{\"@type\":\"PropertyValueSpecification\",\"valueRequired\":true,\"valueName\":\"search_term_string\"}}],\"inLanguage\":\"sv-se\"}]}<\/script>\n<!-- \/ Yoast SEO plugin. -->","yoast_head_json":{"title":"Omega-3 sammenligning - PurOmega","description":"PurOmega 95% er et tilskudd utviklet etter flere \u00e5rs forskning for \u00e5 oppn\u00e5 m\u00e5lsettingen om \u00e5 v\u00e6re det mest konsentrerte Omega-3 produktet.","robots":{"index":"index","follow":"follow","max-snippet":"max-snippet:-1","max-image-preview":"max-image-preview:large","max-video-preview":"max-video-preview:-1"},"canonical":"https:\/\/www.puromega.com\/sv\/omega-3-sammenligning\/","og_locale":"sv_SE","og_type":"article","og_title":"Omega-3 sammenligning - PurOmega","og_description":"PurOmega 95% er et tilskudd utviklet etter flere \u00e5rs forskning for \u00e5 oppn\u00e5 m\u00e5lsettingen om \u00e5 v\u00e6re det mest konsentrerte Omega-3 produktet.","og_url":"https:\/\/www.puromega.com\/sv\/omega-3-sammenligning\/","og_site_name":"PurOmega","article_modified_time":"2020-10-22T13:01:49+00:00","twitter_card":"summary_large_image","schema":{"@context":"https:\/\/schema.org","@graph":[{"@type":"WebPage","@id":"https:\/\/www.puromega.com\/sv\/omega-3-sammenligning\/","url":"https:\/\/www.puromega.com\/sv\/omega-3-sammenligning\/","name":"Omega-3 sammenligning - PurOmega","isPartOf":{"@id":"https:\/\/www.puromega.com\/#website"},"datePublished":"2019-06-03T07:03:56+00:00","dateModified":"2020-10-22T13:01:49+00:00","description":"PurOmega 95% er et tilskudd utviklet etter flere \u00e5rs forskning for \u00e5 oppn\u00e5 m\u00e5lsettingen om \u00e5 v\u00e6re det mest konsentrerte Omega-3 produktet.","breadcrumb":{"@id":"https:\/\/www.puromega.com\/sv\/omega-3-sammenligning\/#breadcrumb"},"inLanguage":"sv-se","potentialAction":[{"@type":"ReadAction","target":["https:\/\/www.puromega.com\/sv\/omega-3-sammenligning\/"]}]},{"@type":"BreadcrumbList","@id":"https:\/\/www.puromega.com\/sv\/omega-3-sammenligning\/#breadcrumb","itemListElement":[{"@type":"ListItem","position":1,"name":"Forsiden","item":"https:\/\/www.puromega.com\/sv\/"},{"@type":"ListItem","position":2,"name":"Omega-3 sammenligning"}]},{"@type":"WebSite","@id":"https:\/\/www.puromega.com\/#website","url":"https:\/\/www.puromega.com\/","name":"PurOmega","description":"Omega-3 kapsler utviklet etter flere \u00e5rs forskning for \u00e5 oppn\u00e5 m\u00e5lsettingen om \u00e5 v\u00e6re verdens mest konsentrerte og reneste Omega-3 produkt.","potentialAction":[{"@type":"SearchAction","target":{"@type":"EntryPoint","urlTemplate":"https:\/\/www.puromega.com\/?s={search_term_string}"},"query-input":{"@type":"PropertyValueSpecification","valueRequired":true,"valueName":"search_term_string"}}],"inLanguage":"sv-se"}]}},"_links":{"self":[{"href":"https:\/\/www.puromega.com\/sv\/wp-json\/wp\/v2\/pages\/12224","targetHints":{"allow":["GET"]}}],"collection":[{"href":"https:\/\/www.puromega.com\/sv\/wp-json\/wp\/v2\/pages"}],"about":[{"href":"https:\/\/www.puromega.com\/sv\/wp-json\/wp\/v2\/types\/page"}],"author":[{"embeddable":true,"href":"https:\/\/www.puromega.com\/sv\/wp-json\/wp\/v2\/users\/1"}],"replies":[{"embeddable":true,"href":"https:\/\/www.puromega.com\/sv\/wp-json\/wp\/v2\/comments?post=12224"}],"version-history":[{"count":1,"href":"https:\/\/www.puromega.com\/sv\/wp-json\/wp\/v2\/pages\/12224\/revisions"}],"predecessor-version":[{"id":12289,"href":"https:\/\/www.puromega.com\/sv\/wp-json\/wp\/v2\/pages\/12224\/revisions\/12289"}],"wp:attachment":[{"href":"https:\/\/www.puromega.com\/sv\/wp-json\/wp\/v2\/media?parent=12224"}],"curies":[{"name":"wp","href":"https:\/\/api.w.org\/{rel}","templated":true}]}}