{"id":21430,"date":"2023-01-31T11:23:29","date_gmt":"2023-01-31T11:23:29","guid":{"rendered":"https:\/\/www.puromega.com\/?page_id=21430"},"modified":"2024-06-05T08:46:42","modified_gmt":"2024-06-05T08:46:42","slug":"tack-for-din-bestallning-av-puromega-95-2","status":"publish","type":"page","link":"https:\/\/www.puromega.com\/sv\/tack-for-din-bestallning-av-puromega-95-2\/","title":{"rendered":"Tack f\u00f6r din best\u00e4llning av PurOmega 95%"},"content":{"rendered":"\n<p>Du har gjort ett bra val. Paketet levereras direkt till din brevl\u00e5da inom 3\u201310 dagar. Om du har fr\u00e5gor f\u00e5r du g\u00e4rna kontakta v\u00e5r kundservice.  <br>E-post: <a href=\"mailto:kundeservice@puromega.com\">kundeservice@puromega.com<\/a><\/p>\n\n\n\n<p>mvh<br>Kundservice-teamet hos PurOmega<\/p>\n","protected":false},"excerpt":{"rendered":"<p>Du har gjort ett bra val. Paketet levereras direkt till din brevl\u00e5da inom 3\u201310 dagar. Om du har fr\u00e5gor f\u00e5r du g\u00e4rna kontakta v\u00e5r kundservice. E-post: kundeservice@puromega.com mvhKundservice-teamet hos PurOmega<\/p>\n","protected":false},"author":1,"featured_media":0,"parent":0,"menu_order":0,"comment_status":"closed","ping_status":"closed","template":"","meta":{"_acf_changed":false,"footnotes":""},"class_list":["post-21430","page","type-page","status-publish","hentry"],"acf":[],"yoast_head":"<!-- This site is optimized with the Yoast SEO plugin v27.3 - https:\/\/yoast.com\/product\/yoast-seo-wordpress\/ -->\n<title>Tack f\u00f6r din best\u00e4llning av PurOmega 95% - PurOmega<\/title>\n<meta name=\"robots\" content=\"index, follow, max-snippet:-1, max-image-preview:large, max-video-preview:-1\" \/>\n<link rel=\"canonical\" href=\"https:\/\/www.puromega.com\/sv\/tack-for-din-bestallning-av-puromega-95-2\/\" \/>\n<meta property=\"og:locale\" content=\"sv_SE\" \/>\n<meta property=\"og:type\" content=\"article\" \/>\n<meta property=\"og:title\" content=\"Tack f\u00f6r din best\u00e4llning av PurOmega 95% - PurOmega\" \/>\n<meta property=\"og:description\" content=\"Du har gjort ett bra val. Paketet levereras direkt till din brevl\u00e5da inom 3\u201310 dagar. Om du har fr\u00e5gor f\u00e5r du g\u00e4rna kontakta v\u00e5r kundservice. E-post: kundeservice@puromega.com mvhKundservice-teamet hos PurOmega\" \/>\n<meta property=\"og:url\" content=\"https:\/\/www.puromega.com\/sv\/tack-for-din-bestallning-av-puromega-95-2\/\" \/>\n<meta property=\"og:site_name\" content=\"PurOmega\" \/>\n<meta property=\"article:modified_time\" content=\"2024-06-05T08:46:42+00:00\" \/>\n<meta name=\"twitter:card\" content=\"summary_large_image\" \/>\n<meta name=\"twitter:label1\" content=\"Est. reading time\" \/>\n\t<meta name=\"twitter:data1\" content=\"1 minute\" \/>\n<script type=\"application\/ld+json\" class=\"yoast-schema-graph\">{\"@context\":\"https:\\\/\\\/schema.org\",\"@graph\":[{\"@type\":\"WebPage\",\"@id\":\"https:\\\/\\\/www.puromega.com\\\/sv\\\/tack-for-din-bestallning-av-puromega-95-2\\\/\",\"url\":\"https:\\\/\\\/www.puromega.com\\\/sv\\\/tack-for-din-bestallning-av-puromega-95-2\\\/\",\"name\":\"Tack f\u00f6r din best\u00e4llning av PurOmega 95% - PurOmega\",\"isPartOf\":{\"@id\":\"https:\\\/\\\/www.puromega.com\\\/#website\"},\"datePublished\":\"2023-01-31T11:23:29+00:00\",\"dateModified\":\"2024-06-05T08:46:42+00:00\",\"breadcrumb\":{\"@id\":\"https:\\\/\\\/www.puromega.com\\\/sv\\\/tack-for-din-bestallning-av-puromega-95-2\\\/#breadcrumb\"},\"inLanguage\":\"sv-se\",\"potentialAction\":[{\"@type\":\"ReadAction\",\"target\":[\"https:\\\/\\\/www.puromega.com\\\/sv\\\/tack-for-din-bestallning-av-puromega-95-2\\\/\"]}]},{\"@type\":\"BreadcrumbList\",\"@id\":\"https:\\\/\\\/www.puromega.com\\\/sv\\\/tack-for-din-bestallning-av-puromega-95-2\\\/#breadcrumb\",\"itemListElement\":[{\"@type\":\"ListItem\",\"position\":1,\"name\":\"Forsiden\",\"item\":\"https:\\\/\\\/www.puromega.com\\\/sv\\\/\"},{\"@type\":\"ListItem\",\"position\":2,\"name\":\"Tack f\u00f6r din best\u00e4llning av PurOmega 95%\"}]},{\"@type\":\"WebSite\",\"@id\":\"https:\\\/\\\/www.puromega.com\\\/#website\",\"url\":\"https:\\\/\\\/www.puromega.com\\\/\",\"name\":\"PurOmega\",\"description\":\"Omega-3 kapsler utviklet etter flere \u00e5rs forskning for \u00e5 oppn\u00e5 m\u00e5lsettingen om \u00e5 v\u00e6re verdens mest konsentrerte og reneste Omega-3 produkt.\",\"potentialAction\":[{\"@type\":\"SearchAction\",\"target\":{\"@type\":\"EntryPoint\",\"urlTemplate\":\"https:\\\/\\\/www.puromega.com\\\/?s={search_term_string}\"},\"query-input\":{\"@type\":\"PropertyValueSpecification\",\"valueRequired\":true,\"valueName\":\"search_term_string\"}}],\"inLanguage\":\"sv-se\"}]}<\/script>\n<!-- \/ Yoast SEO plugin. -->","yoast_head_json":{"title":"Tack f\u00f6r din best\u00e4llning av PurOmega 95% - PurOmega","robots":{"index":"index","follow":"follow","max-snippet":"max-snippet:-1","max-image-preview":"max-image-preview:large","max-video-preview":"max-video-preview:-1"},"canonical":"https:\/\/www.puromega.com\/sv\/tack-for-din-bestallning-av-puromega-95-2\/","og_locale":"sv_SE","og_type":"article","og_title":"Tack f\u00f6r din best\u00e4llning av PurOmega 95% - PurOmega","og_description":"Du har gjort ett bra val. Paketet levereras direkt till din brevl\u00e5da inom 3\u201310 dagar. Om du har fr\u00e5gor f\u00e5r du g\u00e4rna kontakta v\u00e5r kundservice. E-post: kundeservice@puromega.com mvhKundservice-teamet hos PurOmega","og_url":"https:\/\/www.puromega.com\/sv\/tack-for-din-bestallning-av-puromega-95-2\/","og_site_name":"PurOmega","article_modified_time":"2024-06-05T08:46:42+00:00","twitter_card":"summary_large_image","twitter_misc":{"Est. reading time":"1 minute"},"schema":{"@context":"https:\/\/schema.org","@graph":[{"@type":"WebPage","@id":"https:\/\/www.puromega.com\/sv\/tack-for-din-bestallning-av-puromega-95-2\/","url":"https:\/\/www.puromega.com\/sv\/tack-for-din-bestallning-av-puromega-95-2\/","name":"Tack f\u00f6r din best\u00e4llning av PurOmega 95% - PurOmega","isPartOf":{"@id":"https:\/\/www.puromega.com\/#website"},"datePublished":"2023-01-31T11:23:29+00:00","dateModified":"2024-06-05T08:46:42+00:00","breadcrumb":{"@id":"https:\/\/www.puromega.com\/sv\/tack-for-din-bestallning-av-puromega-95-2\/#breadcrumb"},"inLanguage":"sv-se","potentialAction":[{"@type":"ReadAction","target":["https:\/\/www.puromega.com\/sv\/tack-for-din-bestallning-av-puromega-95-2\/"]}]},{"@type":"BreadcrumbList","@id":"https:\/\/www.puromega.com\/sv\/tack-for-din-bestallning-av-puromega-95-2\/#breadcrumb","itemListElement":[{"@type":"ListItem","position":1,"name":"Forsiden","item":"https:\/\/www.puromega.com\/sv\/"},{"@type":"ListItem","position":2,"name":"Tack f\u00f6r din best\u00e4llning av PurOmega 95%"}]},{"@type":"WebSite","@id":"https:\/\/www.puromega.com\/#website","url":"https:\/\/www.puromega.com\/","name":"PurOmega","description":"Omega-3 kapsler utviklet etter flere \u00e5rs forskning for \u00e5 oppn\u00e5 m\u00e5lsettingen om \u00e5 v\u00e6re verdens mest konsentrerte og reneste Omega-3 produkt.","potentialAction":[{"@type":"SearchAction","target":{"@type":"EntryPoint","urlTemplate":"https:\/\/www.puromega.com\/?s={search_term_string}"},"query-input":{"@type":"PropertyValueSpecification","valueRequired":true,"valueName":"search_term_string"}}],"inLanguage":"sv-se"}]}},"_links":{"self":[{"href":"https:\/\/www.puromega.com\/sv\/wp-json\/wp\/v2\/pages\/21430","targetHints":{"allow":["GET"]}}],"collection":[{"href":"https:\/\/www.puromega.com\/sv\/wp-json\/wp\/v2\/pages"}],"about":[{"href":"https:\/\/www.puromega.com\/sv\/wp-json\/wp\/v2\/types\/page"}],"author":[{"embeddable":true,"href":"https:\/\/www.puromega.com\/sv\/wp-json\/wp\/v2\/users\/1"}],"replies":[{"embeddable":true,"href":"https:\/\/www.puromega.com\/sv\/wp-json\/wp\/v2\/comments?post=21430"}],"version-history":[{"count":3,"href":"https:\/\/www.puromega.com\/sv\/wp-json\/wp\/v2\/pages\/21430\/revisions"}],"predecessor-version":[{"id":23938,"href":"https:\/\/www.puromega.com\/sv\/wp-json\/wp\/v2\/pages\/21430\/revisions\/23938"}],"wp:attachment":[{"href":"https:\/\/www.puromega.com\/sv\/wp-json\/wp\/v2\/media?parent=21430"}],"curies":[{"name":"wp","href":"https:\/\/api.w.org\/{rel}","templated":true}]}}