{"id":21434,"date":"2023-01-31T11:26:08","date_gmt":"2023-01-31T11:26:08","guid":{"rendered":"https:\/\/www.puromega.com\/?page_id=21434"},"modified":"2023-02-01T08:36:43","modified_gmt":"2023-02-01T08:36:43","slug":"takk-for-at-du-oppdaterte-din-kortinformasjon","status":"publish","type":"page","link":"https:\/\/www.puromega.com\/sv\/takk-for-at-du-oppdaterte-din-kortinformasjon\/","title":{"rendered":"Takk f\u00f6r at du oppdaterade din kortinformation."},"content":{"rendered":"\n<p>Vi skickar nu din n\u00e4sta leverans av PurOmega 95%<\/p>\n\n\n\n<p>Mvh, <br> PurOmega kundtj\u00e4nst<\/p>\n","protected":false},"excerpt":{"rendered":"<p>Vi skickar nu din n\u00e4sta leverans av PurOmega 95% Mvh, PurOmega kundtj\u00e4nst<\/p>\n","protected":false},"author":1,"featured_media":0,"parent":0,"menu_order":0,"comment_status":"closed","ping_status":"closed","template":"","meta":{"_acf_changed":false,"footnotes":""},"class_list":["post-21434","page","type-page","status-publish","hentry"],"acf":[],"yoast_head":"<!-- This site is optimized with the Yoast SEO plugin v27.3 - https:\/\/yoast.com\/product\/yoast-seo-wordpress\/ -->\n<title>Takk f\u00f6r at du oppdaterade din kortinformation. - PurOmega<\/title>\n<meta name=\"robots\" content=\"index, follow, max-snippet:-1, max-image-preview:large, max-video-preview:-1\" \/>\n<link rel=\"canonical\" href=\"https:\/\/www.puromega.com\/sv\/takk-for-at-du-oppdaterte-din-kortinformasjon\/\" \/>\n<meta property=\"og:locale\" content=\"sv_SE\" \/>\n<meta property=\"og:type\" content=\"article\" \/>\n<meta property=\"og:title\" content=\"Takk f\u00f6r at du oppdaterade din kortinformation. - PurOmega\" \/>\n<meta property=\"og:description\" content=\"Vi skickar nu din n\u00e4sta leverans av PurOmega 95% Mvh, PurOmega kundtj\u00e4nst\" \/>\n<meta property=\"og:url\" content=\"https:\/\/www.puromega.com\/sv\/takk-for-at-du-oppdaterte-din-kortinformasjon\/\" \/>\n<meta property=\"og:site_name\" content=\"PurOmega\" \/>\n<meta property=\"article:modified_time\" content=\"2023-02-01T08:36:43+00:00\" \/>\n<meta name=\"twitter:card\" content=\"summary_large_image\" \/>\n<script type=\"application\/ld+json\" class=\"yoast-schema-graph\">{\"@context\":\"https:\\\/\\\/schema.org\",\"@graph\":[{\"@type\":\"WebPage\",\"@id\":\"https:\\\/\\\/www.puromega.com\\\/sv\\\/takk-for-at-du-oppdaterte-din-kortinformasjon\\\/\",\"url\":\"https:\\\/\\\/www.puromega.com\\\/sv\\\/takk-for-at-du-oppdaterte-din-kortinformasjon\\\/\",\"name\":\"Takk f\u00f6r at du oppdaterade din kortinformation. - PurOmega\",\"isPartOf\":{\"@id\":\"https:\\\/\\\/www.puromega.com\\\/#website\"},\"datePublished\":\"2023-01-31T11:26:08+00:00\",\"dateModified\":\"2023-02-01T08:36:43+00:00\",\"breadcrumb\":{\"@id\":\"https:\\\/\\\/www.puromega.com\\\/sv\\\/takk-for-at-du-oppdaterte-din-kortinformasjon\\\/#breadcrumb\"},\"inLanguage\":\"sv-se\",\"potentialAction\":[{\"@type\":\"ReadAction\",\"target\":[\"https:\\\/\\\/www.puromega.com\\\/sv\\\/takk-for-at-du-oppdaterte-din-kortinformasjon\\\/\"]}]},{\"@type\":\"BreadcrumbList\",\"@id\":\"https:\\\/\\\/www.puromega.com\\\/sv\\\/takk-for-at-du-oppdaterte-din-kortinformasjon\\\/#breadcrumb\",\"itemListElement\":[{\"@type\":\"ListItem\",\"position\":1,\"name\":\"Forsiden\",\"item\":\"https:\\\/\\\/www.puromega.com\\\/sv\\\/\"},{\"@type\":\"ListItem\",\"position\":2,\"name\":\"Takk f\u00f6r at du oppdaterade din kortinformation.\"}]},{\"@type\":\"WebSite\",\"@id\":\"https:\\\/\\\/www.puromega.com\\\/#website\",\"url\":\"https:\\\/\\\/www.puromega.com\\\/\",\"name\":\"PurOmega\",\"description\":\"Omega-3 kapsler utviklet etter flere \u00e5rs forskning for \u00e5 oppn\u00e5 m\u00e5lsettingen om \u00e5 v\u00e6re verdens mest konsentrerte og reneste Omega-3 produkt.\",\"potentialAction\":[{\"@type\":\"SearchAction\",\"target\":{\"@type\":\"EntryPoint\",\"urlTemplate\":\"https:\\\/\\\/www.puromega.com\\\/?s={search_term_string}\"},\"query-input\":{\"@type\":\"PropertyValueSpecification\",\"valueRequired\":true,\"valueName\":\"search_term_string\"}}],\"inLanguage\":\"sv-se\"}]}<\/script>\n<!-- \/ Yoast SEO plugin. -->","yoast_head_json":{"title":"Takk f\u00f6r at du oppdaterade din kortinformation. - PurOmega","robots":{"index":"index","follow":"follow","max-snippet":"max-snippet:-1","max-image-preview":"max-image-preview:large","max-video-preview":"max-video-preview:-1"},"canonical":"https:\/\/www.puromega.com\/sv\/takk-for-at-du-oppdaterte-din-kortinformasjon\/","og_locale":"sv_SE","og_type":"article","og_title":"Takk f\u00f6r at du oppdaterade din kortinformation. - PurOmega","og_description":"Vi skickar nu din n\u00e4sta leverans av PurOmega 95% Mvh, PurOmega kundtj\u00e4nst","og_url":"https:\/\/www.puromega.com\/sv\/takk-for-at-du-oppdaterte-din-kortinformasjon\/","og_site_name":"PurOmega","article_modified_time":"2023-02-01T08:36:43+00:00","twitter_card":"summary_large_image","schema":{"@context":"https:\/\/schema.org","@graph":[{"@type":"WebPage","@id":"https:\/\/www.puromega.com\/sv\/takk-for-at-du-oppdaterte-din-kortinformasjon\/","url":"https:\/\/www.puromega.com\/sv\/takk-for-at-du-oppdaterte-din-kortinformasjon\/","name":"Takk f\u00f6r at du oppdaterade din kortinformation. - PurOmega","isPartOf":{"@id":"https:\/\/www.puromega.com\/#website"},"datePublished":"2023-01-31T11:26:08+00:00","dateModified":"2023-02-01T08:36:43+00:00","breadcrumb":{"@id":"https:\/\/www.puromega.com\/sv\/takk-for-at-du-oppdaterte-din-kortinformasjon\/#breadcrumb"},"inLanguage":"sv-se","potentialAction":[{"@type":"ReadAction","target":["https:\/\/www.puromega.com\/sv\/takk-for-at-du-oppdaterte-din-kortinformasjon\/"]}]},{"@type":"BreadcrumbList","@id":"https:\/\/www.puromega.com\/sv\/takk-for-at-du-oppdaterte-din-kortinformasjon\/#breadcrumb","itemListElement":[{"@type":"ListItem","position":1,"name":"Forsiden","item":"https:\/\/www.puromega.com\/sv\/"},{"@type":"ListItem","position":2,"name":"Takk f\u00f6r at du oppdaterade din kortinformation."}]},{"@type":"WebSite","@id":"https:\/\/www.puromega.com\/#website","url":"https:\/\/www.puromega.com\/","name":"PurOmega","description":"Omega-3 kapsler utviklet etter flere \u00e5rs forskning for \u00e5 oppn\u00e5 m\u00e5lsettingen om \u00e5 v\u00e6re verdens mest konsentrerte og reneste Omega-3 produkt.","potentialAction":[{"@type":"SearchAction","target":{"@type":"EntryPoint","urlTemplate":"https:\/\/www.puromega.com\/?s={search_term_string}"},"query-input":{"@type":"PropertyValueSpecification","valueRequired":true,"valueName":"search_term_string"}}],"inLanguage":"sv-se"}]}},"_links":{"self":[{"href":"https:\/\/www.puromega.com\/sv\/wp-json\/wp\/v2\/pages\/21434","targetHints":{"allow":["GET"]}}],"collection":[{"href":"https:\/\/www.puromega.com\/sv\/wp-json\/wp\/v2\/pages"}],"about":[{"href":"https:\/\/www.puromega.com\/sv\/wp-json\/wp\/v2\/types\/page"}],"author":[{"embeddable":true,"href":"https:\/\/www.puromega.com\/sv\/wp-json\/wp\/v2\/users\/1"}],"replies":[{"embeddable":true,"href":"https:\/\/www.puromega.com\/sv\/wp-json\/wp\/v2\/comments?post=21434"}],"version-history":[{"count":3,"href":"https:\/\/www.puromega.com\/sv\/wp-json\/wp\/v2\/pages\/21434\/revisions"}],"predecessor-version":[{"id":21618,"href":"https:\/\/www.puromega.com\/sv\/wp-json\/wp\/v2\/pages\/21434\/revisions\/21618"}],"wp:attachment":[{"href":"https:\/\/www.puromega.com\/sv\/wp-json\/wp\/v2\/media?parent=21434"}],"curies":[{"name":"wp","href":"https:\/\/api.w.org\/{rel}","templated":true}]}}