{"id":21457,"date":"2023-01-31T11:45:20","date_gmt":"2023-01-31T11:45:20","guid":{"rendered":"https:\/\/www.puromega.com\/?page_id=21457"},"modified":"2024-06-05T08:51:02","modified_gmt":"2024-06-05T08:51:02","slug":"bestall-subscription","status":"publish","type":"page","link":"https:\/\/www.puromega.com\/sv\/bestall-subscription\/","title":{"rendered":"Best\u00e4ll &#8211; subscription"},"content":{"rendered":"\n<h4 class=\"wp-block-heading\">PurOmega 95% \u00e4r certifierat av Friend of the Sea<\/h4>\n\n\n<div class=\"wp-block-image\">\n<figure class=\"alignright\"><img loading=\"lazy\" decoding=\"async\" width=\"120\" height=\"121\" src=\"https:\/\/dev.hotelwsieci.pl\/puromega\/wp-content\/uploads\/2019\/06\/sea-friend.png\" alt=\"\" class=\"wp-image-231\" srcset=\"https:\/\/www.puromega.com\/wp-content\/uploads\/2019\/06\/sea-friend.png 120w, https:\/\/www.puromega.com\/wp-content\/uploads\/2019\/06\/sea-friend-100x100.png 100w\" sizes=\"auto, (max-width: 120px) 100vw, 120px\" \/><\/figure>\n<\/div>\n\n\n<p>Friends of the Sea har blivit den ledande certifieringsstandarden f\u00f6r produkter och tj\u00e4nster som respekterar och skyddar den marina milj\u00f6n. Certifieringen tilldelar h\u00e5llbara metoder inom fiske, vattenbruk, fiskmj\u00f6l och omega-3 fiskolja.<\/p>\n\n\n\n<p><em>*Omega-3-fettsyrorna EPA och DHA bidrar till hj\u00e4rtets normala funktion. Gynnsam effekt uppn\u00e5s med ett dagligt intag av 250 mg EPA och DHA. Omega-3-fettsyran DHA hj\u00e4lper till att uppr\u00e4tth\u00e5lla normal hj\u00e4rnfunktion och syn. Gynnsam effekt uppn\u00e5s genom ett dagligt intag av 250 mg DHA. D-vitamin bidrar till normal muskelfunktion, immunsystemets normala funktion, normala t\u00e4nder och normala ben.<\/em><\/p>\n","protected":false},"excerpt":{"rendered":"<p>PurOmega 95% \u00e4r certifierat av Friend of the Sea Friends of the Sea har blivit den ledande certifieringsstandarden f\u00f6r produkter och tj\u00e4nster som respekterar och skyddar den marina milj\u00f6n. Certifieringen tilldelar h\u00e5llbara metoder inom fiske, vattenbruk, fiskmj\u00f6l och omega-3 fiskolja. *Omega-3-fettsyrorna EPA och DHA bidrar till hj\u00e4rtets normala funktion. Gynnsam effekt uppn\u00e5s med ett dagligt [&hellip;]<\/p>\n","protected":false},"author":1,"featured_media":0,"parent":0,"menu_order":0,"comment_status":"closed","ping_status":"closed","template":"templates\/page-order-subPeriod.php","meta":{"_acf_changed":false,"footnotes":""},"class_list":["post-21457","page","type-page","status-publish","hentry"],"acf":[],"yoast_head":"<!-- This site is optimized with the Yoast SEO plugin v27.5 - https:\/\/yoast.com\/product\/yoast-seo-wordpress\/ -->\n<title>Best\u00e4ll - subscription - PurOmega<\/title>\n<meta name=\"robots\" content=\"index, follow, max-snippet:-1, max-image-preview:large, max-video-preview:-1\" \/>\n<link rel=\"canonical\" href=\"https:\/\/www.puromega.com\/sv\/bestall-subscription\/\" \/>\n<meta property=\"og:locale\" content=\"sv_SE\" \/>\n<meta property=\"og:type\" content=\"article\" \/>\n<meta property=\"og:title\" content=\"Best\u00e4ll - subscription - PurOmega\" \/>\n<meta property=\"og:description\" content=\"PurOmega 95% \u00e4r certifierat av Friend of the Sea Friends of the Sea har blivit den ledande certifieringsstandarden f\u00f6r produkter och tj\u00e4nster som respekterar och skyddar den marina milj\u00f6n. Certifieringen tilldelar h\u00e5llbara metoder inom fiske, vattenbruk, fiskmj\u00f6l och omega-3 fiskolja. *Omega-3-fettsyrorna EPA och DHA bidrar till hj\u00e4rtets normala funktion. Gynnsam effekt uppn\u00e5s med ett dagligt [&hellip;]\" \/>\n<meta property=\"og:url\" content=\"https:\/\/www.puromega.com\/sv\/bestall-subscription\/\" \/>\n<meta property=\"og:site_name\" content=\"PurOmega\" \/>\n<meta property=\"article:modified_time\" content=\"2024-06-05T08:51:02+00:00\" \/>\n<meta property=\"og:image\" content=\"https:\/\/dev.hotelwsieci.pl\/puromega\/wp-content\/uploads\/2019\/06\/sea-friend.png\" \/>\n<meta name=\"twitter:card\" content=\"summary_large_image\" \/>\n<meta name=\"twitter:label1\" content=\"Est. reading time\" \/>\n\t<meta name=\"twitter:data1\" content=\"1 minute\" \/>\n<script type=\"application\/ld+json\" class=\"yoast-schema-graph\">{\"@context\":\"https:\\\/\\\/schema.org\",\"@graph\":[{\"@type\":\"WebPage\",\"@id\":\"https:\\\/\\\/www.puromega.com\\\/sv\\\/bestall-subscription\\\/\",\"url\":\"https:\\\/\\\/www.puromega.com\\\/sv\\\/bestall-subscription\\\/\",\"name\":\"Best\u00e4ll - subscription - PurOmega\",\"isPartOf\":{\"@id\":\"https:\\\/\\\/www.puromega.com\\\/#website\"},\"primaryImageOfPage\":{\"@id\":\"https:\\\/\\\/www.puromega.com\\\/sv\\\/bestall-subscription\\\/#primaryimage\"},\"image\":{\"@id\":\"https:\\\/\\\/www.puromega.com\\\/sv\\\/bestall-subscription\\\/#primaryimage\"},\"thumbnailUrl\":\"https:\\\/\\\/dev.hotelwsieci.pl\\\/puromega\\\/wp-content\\\/uploads\\\/2019\\\/06\\\/sea-friend.png\",\"datePublished\":\"2023-01-31T11:45:20+00:00\",\"dateModified\":\"2024-06-05T08:51:02+00:00\",\"breadcrumb\":{\"@id\":\"https:\\\/\\\/www.puromega.com\\\/sv\\\/bestall-subscription\\\/#breadcrumb\"},\"inLanguage\":\"sv-se\",\"potentialAction\":[{\"@type\":\"ReadAction\",\"target\":[\"https:\\\/\\\/www.puromega.com\\\/sv\\\/bestall-subscription\\\/\"]}]},{\"@type\":\"ImageObject\",\"inLanguage\":\"sv-se\",\"@id\":\"https:\\\/\\\/www.puromega.com\\\/sv\\\/bestall-subscription\\\/#primaryimage\",\"url\":\"https:\\\/\\\/dev.hotelwsieci.pl\\\/puromega\\\/wp-content\\\/uploads\\\/2019\\\/06\\\/sea-friend.png\",\"contentUrl\":\"https:\\\/\\\/dev.hotelwsieci.pl\\\/puromega\\\/wp-content\\\/uploads\\\/2019\\\/06\\\/sea-friend.png\"},{\"@type\":\"BreadcrumbList\",\"@id\":\"https:\\\/\\\/www.puromega.com\\\/sv\\\/bestall-subscription\\\/#breadcrumb\",\"itemListElement\":[{\"@type\":\"ListItem\",\"position\":1,\"name\":\"Forsiden\",\"item\":\"https:\\\/\\\/www.puromega.com\\\/sv\\\/\"},{\"@type\":\"ListItem\",\"position\":2,\"name\":\"Best\u00e4ll &#8211; subscription\"}]},{\"@type\":\"WebSite\",\"@id\":\"https:\\\/\\\/www.puromega.com\\\/#website\",\"url\":\"https:\\\/\\\/www.puromega.com\\\/\",\"name\":\"PurOmega\",\"description\":\"Omega-3 kapsler utviklet etter flere \u00e5rs forskning for \u00e5 oppn\u00e5 m\u00e5lsettingen om \u00e5 v\u00e6re verdens mest konsentrerte og reneste Omega-3 produkt.\",\"potentialAction\":[{\"@type\":\"SearchAction\",\"target\":{\"@type\":\"EntryPoint\",\"urlTemplate\":\"https:\\\/\\\/www.puromega.com\\\/?s={search_term_string}\"},\"query-input\":{\"@type\":\"PropertyValueSpecification\",\"valueRequired\":true,\"valueName\":\"search_term_string\"}}],\"inLanguage\":\"sv-se\"}]}<\/script>\n<!-- \/ Yoast SEO plugin. -->","yoast_head_json":{"title":"Best\u00e4ll - subscription - PurOmega","robots":{"index":"index","follow":"follow","max-snippet":"max-snippet:-1","max-image-preview":"max-image-preview:large","max-video-preview":"max-video-preview:-1"},"canonical":"https:\/\/www.puromega.com\/sv\/bestall-subscription\/","og_locale":"sv_SE","og_type":"article","og_title":"Best\u00e4ll - subscription - PurOmega","og_description":"PurOmega 95% \u00e4r certifierat av Friend of the Sea Friends of the Sea har blivit den ledande certifieringsstandarden f\u00f6r produkter och tj\u00e4nster som respekterar och skyddar den marina milj\u00f6n. Certifieringen tilldelar h\u00e5llbara metoder inom fiske, vattenbruk, fiskmj\u00f6l och omega-3 fiskolja. *Omega-3-fettsyrorna EPA och DHA bidrar till hj\u00e4rtets normala funktion. Gynnsam effekt uppn\u00e5s med ett dagligt [&hellip;]","og_url":"https:\/\/www.puromega.com\/sv\/bestall-subscription\/","og_site_name":"PurOmega","article_modified_time":"2024-06-05T08:51:02+00:00","og_image":[{"url":"https:\/\/dev.hotelwsieci.pl\/puromega\/wp-content\/uploads\/2019\/06\/sea-friend.png","type":"","width":"","height":""}],"twitter_card":"summary_large_image","twitter_misc":{"Est. reading time":"1 minute"},"schema":{"@context":"https:\/\/schema.org","@graph":[{"@type":"WebPage","@id":"https:\/\/www.puromega.com\/sv\/bestall-subscription\/","url":"https:\/\/www.puromega.com\/sv\/bestall-subscription\/","name":"Best\u00e4ll - subscription - PurOmega","isPartOf":{"@id":"https:\/\/www.puromega.com\/#website"},"primaryImageOfPage":{"@id":"https:\/\/www.puromega.com\/sv\/bestall-subscription\/#primaryimage"},"image":{"@id":"https:\/\/www.puromega.com\/sv\/bestall-subscription\/#primaryimage"},"thumbnailUrl":"https:\/\/dev.hotelwsieci.pl\/puromega\/wp-content\/uploads\/2019\/06\/sea-friend.png","datePublished":"2023-01-31T11:45:20+00:00","dateModified":"2024-06-05T08:51:02+00:00","breadcrumb":{"@id":"https:\/\/www.puromega.com\/sv\/bestall-subscription\/#breadcrumb"},"inLanguage":"sv-se","potentialAction":[{"@type":"ReadAction","target":["https:\/\/www.puromega.com\/sv\/bestall-subscription\/"]}]},{"@type":"ImageObject","inLanguage":"sv-se","@id":"https:\/\/www.puromega.com\/sv\/bestall-subscription\/#primaryimage","url":"https:\/\/dev.hotelwsieci.pl\/puromega\/wp-content\/uploads\/2019\/06\/sea-friend.png","contentUrl":"https:\/\/dev.hotelwsieci.pl\/puromega\/wp-content\/uploads\/2019\/06\/sea-friend.png"},{"@type":"BreadcrumbList","@id":"https:\/\/www.puromega.com\/sv\/bestall-subscription\/#breadcrumb","itemListElement":[{"@type":"ListItem","position":1,"name":"Forsiden","item":"https:\/\/www.puromega.com\/sv\/"},{"@type":"ListItem","position":2,"name":"Best\u00e4ll &#8211; subscription"}]},{"@type":"WebSite","@id":"https:\/\/www.puromega.com\/#website","url":"https:\/\/www.puromega.com\/","name":"PurOmega","description":"Omega-3 kapsler utviklet etter flere \u00e5rs forskning for \u00e5 oppn\u00e5 m\u00e5lsettingen om \u00e5 v\u00e6re verdens mest konsentrerte og reneste Omega-3 produkt.","potentialAction":[{"@type":"SearchAction","target":{"@type":"EntryPoint","urlTemplate":"https:\/\/www.puromega.com\/?s={search_term_string}"},"query-input":{"@type":"PropertyValueSpecification","valueRequired":true,"valueName":"search_term_string"}}],"inLanguage":"sv-se"}]}},"_links":{"self":[{"href":"https:\/\/www.puromega.com\/sv\/wp-json\/wp\/v2\/pages\/21457","targetHints":{"allow":["GET"]}}],"collection":[{"href":"https:\/\/www.puromega.com\/sv\/wp-json\/wp\/v2\/pages"}],"about":[{"href":"https:\/\/www.puromega.com\/sv\/wp-json\/wp\/v2\/types\/page"}],"author":[{"embeddable":true,"href":"https:\/\/www.puromega.com\/sv\/wp-json\/wp\/v2\/users\/1"}],"replies":[{"embeddable":true,"href":"https:\/\/www.puromega.com\/sv\/wp-json\/wp\/v2\/comments?post=21457"}],"version-history":[{"count":3,"href":"https:\/\/www.puromega.com\/sv\/wp-json\/wp\/v2\/pages\/21457\/revisions"}],"predecessor-version":[{"id":23941,"href":"https:\/\/www.puromega.com\/sv\/wp-json\/wp\/v2\/pages\/21457\/revisions\/23941"}],"wp:attachment":[{"href":"https:\/\/www.puromega.com\/sv\/wp-json\/wp\/v2\/media?parent=21457"}],"curies":[{"name":"wp","href":"https:\/\/api.w.org\/{rel}","templated":true}]}}