{"id":21469,"date":"2023-01-31T11:55:20","date_gmt":"2023-01-31T11:55:20","guid":{"rendered":"https:\/\/www.puromega.com\/?page_id=21469"},"modified":"2023-02-01T12:18:58","modified_gmt":"2023-02-01T12:18:58","slug":"bestall-single-buy","status":"publish","type":"page","link":"https:\/\/www.puromega.com\/sv\/bestall-single-buy\/","title":{"rendered":"Best\u00e4ll &#8211; Single buy"},"content":{"rendered":"","protected":false},"excerpt":{"rendered":"","protected":false},"author":1,"featured_media":0,"parent":0,"menu_order":0,"comment_status":"closed","ping_status":"closed","template":"templates\/page-order-subPeriod.php","meta":{"_acf_changed":false,"footnotes":""},"class_list":["post-21469","page","type-page","status-publish","hentry"],"acf":[],"yoast_head":"<!-- This site is optimized with the Yoast SEO plugin v27.5 - https:\/\/yoast.com\/product\/yoast-seo-wordpress\/ -->\n<title>Best\u00e4ll - Single buy - PurOmega<\/title>\n<meta name=\"robots\" content=\"index, follow, max-snippet:-1, max-image-preview:large, max-video-preview:-1\" \/>\n<link rel=\"canonical\" href=\"https:\/\/www.puromega.com\/sv\/bestall-single-buy\/\" \/>\n<meta property=\"og:locale\" content=\"sv_SE\" \/>\n<meta property=\"og:type\" content=\"article\" \/>\n<meta property=\"og:title\" content=\"Best\u00e4ll - Single buy - PurOmega\" \/>\n<meta property=\"og:url\" content=\"https:\/\/www.puromega.com\/sv\/bestall-single-buy\/\" \/>\n<meta property=\"og:site_name\" content=\"PurOmega\" \/>\n<meta property=\"article:modified_time\" content=\"2023-02-01T12:18:58+00:00\" \/>\n<meta name=\"twitter:card\" content=\"summary_large_image\" \/>\n<script type=\"application\/ld+json\" class=\"yoast-schema-graph\">{\"@context\":\"https:\\\/\\\/schema.org\",\"@graph\":[{\"@type\":\"WebPage\",\"@id\":\"https:\\\/\\\/www.puromega.com\\\/sv\\\/bestall-single-buy\\\/\",\"url\":\"https:\\\/\\\/www.puromega.com\\\/sv\\\/bestall-single-buy\\\/\",\"name\":\"Best\u00e4ll - Single buy - PurOmega\",\"isPartOf\":{\"@id\":\"https:\\\/\\\/www.puromega.com\\\/#website\"},\"datePublished\":\"2023-01-31T11:55:20+00:00\",\"dateModified\":\"2023-02-01T12:18:58+00:00\",\"breadcrumb\":{\"@id\":\"https:\\\/\\\/www.puromega.com\\\/sv\\\/bestall-single-buy\\\/#breadcrumb\"},\"inLanguage\":\"sv-se\",\"potentialAction\":[{\"@type\":\"ReadAction\",\"target\":[\"https:\\\/\\\/www.puromega.com\\\/sv\\\/bestall-single-buy\\\/\"]}]},{\"@type\":\"BreadcrumbList\",\"@id\":\"https:\\\/\\\/www.puromega.com\\\/sv\\\/bestall-single-buy\\\/#breadcrumb\",\"itemListElement\":[{\"@type\":\"ListItem\",\"position\":1,\"name\":\"Forsiden\",\"item\":\"https:\\\/\\\/www.puromega.com\\\/sv\\\/\"},{\"@type\":\"ListItem\",\"position\":2,\"name\":\"Best\u00e4ll &#8211; Single buy\"}]},{\"@type\":\"WebSite\",\"@id\":\"https:\\\/\\\/www.puromega.com\\\/#website\",\"url\":\"https:\\\/\\\/www.puromega.com\\\/\",\"name\":\"PurOmega\",\"description\":\"Omega-3 kapsler utviklet etter flere \u00e5rs forskning for \u00e5 oppn\u00e5 m\u00e5lsettingen om \u00e5 v\u00e6re verdens mest konsentrerte og reneste Omega-3 produkt.\",\"potentialAction\":[{\"@type\":\"SearchAction\",\"target\":{\"@type\":\"EntryPoint\",\"urlTemplate\":\"https:\\\/\\\/www.puromega.com\\\/?s={search_term_string}\"},\"query-input\":{\"@type\":\"PropertyValueSpecification\",\"valueRequired\":true,\"valueName\":\"search_term_string\"}}],\"inLanguage\":\"sv-se\"}]}<\/script>\n<!-- \/ Yoast SEO plugin. -->","yoast_head_json":{"title":"Best\u00e4ll - Single buy - PurOmega","robots":{"index":"index","follow":"follow","max-snippet":"max-snippet:-1","max-image-preview":"max-image-preview:large","max-video-preview":"max-video-preview:-1"},"canonical":"https:\/\/www.puromega.com\/sv\/bestall-single-buy\/","og_locale":"sv_SE","og_type":"article","og_title":"Best\u00e4ll - Single buy - PurOmega","og_url":"https:\/\/www.puromega.com\/sv\/bestall-single-buy\/","og_site_name":"PurOmega","article_modified_time":"2023-02-01T12:18:58+00:00","twitter_card":"summary_large_image","schema":{"@context":"https:\/\/schema.org","@graph":[{"@type":"WebPage","@id":"https:\/\/www.puromega.com\/sv\/bestall-single-buy\/","url":"https:\/\/www.puromega.com\/sv\/bestall-single-buy\/","name":"Best\u00e4ll - Single buy - PurOmega","isPartOf":{"@id":"https:\/\/www.puromega.com\/#website"},"datePublished":"2023-01-31T11:55:20+00:00","dateModified":"2023-02-01T12:18:58+00:00","breadcrumb":{"@id":"https:\/\/www.puromega.com\/sv\/bestall-single-buy\/#breadcrumb"},"inLanguage":"sv-se","potentialAction":[{"@type":"ReadAction","target":["https:\/\/www.puromega.com\/sv\/bestall-single-buy\/"]}]},{"@type":"BreadcrumbList","@id":"https:\/\/www.puromega.com\/sv\/bestall-single-buy\/#breadcrumb","itemListElement":[{"@type":"ListItem","position":1,"name":"Forsiden","item":"https:\/\/www.puromega.com\/sv\/"},{"@type":"ListItem","position":2,"name":"Best\u00e4ll &#8211; Single buy"}]},{"@type":"WebSite","@id":"https:\/\/www.puromega.com\/#website","url":"https:\/\/www.puromega.com\/","name":"PurOmega","description":"Omega-3 kapsler utviklet etter flere \u00e5rs forskning for \u00e5 oppn\u00e5 m\u00e5lsettingen om \u00e5 v\u00e6re verdens mest konsentrerte og reneste Omega-3 produkt.","potentialAction":[{"@type":"SearchAction","target":{"@type":"EntryPoint","urlTemplate":"https:\/\/www.puromega.com\/?s={search_term_string}"},"query-input":{"@type":"PropertyValueSpecification","valueRequired":true,"valueName":"search_term_string"}}],"inLanguage":"sv-se"}]}},"_links":{"self":[{"href":"https:\/\/www.puromega.com\/sv\/wp-json\/wp\/v2\/pages\/21469","targetHints":{"allow":["GET"]}}],"collection":[{"href":"https:\/\/www.puromega.com\/sv\/wp-json\/wp\/v2\/pages"}],"about":[{"href":"https:\/\/www.puromega.com\/sv\/wp-json\/wp\/v2\/types\/page"}],"author":[{"embeddable":true,"href":"https:\/\/www.puromega.com\/sv\/wp-json\/wp\/v2\/users\/1"}],"replies":[{"embeddable":true,"href":"https:\/\/www.puromega.com\/sv\/wp-json\/wp\/v2\/comments?post=21469"}],"version-history":[{"count":3,"href":"https:\/\/www.puromega.com\/sv\/wp-json\/wp\/v2\/pages\/21469\/revisions"}],"predecessor-version":[{"id":21653,"href":"https:\/\/www.puromega.com\/sv\/wp-json\/wp\/v2\/pages\/21469\/revisions\/21653"}],"wp:attachment":[{"href":"https:\/\/www.puromega.com\/sv\/wp-json\/wp\/v2\/media?parent=21469"}],"curies":[{"name":"wp","href":"https:\/\/api.w.org\/{rel}","templated":true}]}}