{"id":21474,"date":"2023-01-31T11:58:19","date_gmt":"2023-01-31T11:58:19","guid":{"rendered":"https:\/\/www.puromega.com\/?page_id=21474"},"modified":"2024-06-05T08:51:28","modified_gmt":"2024-06-05T08:51:28","slug":"bestall-subscription-without-binding-period","status":"publish","type":"page","link":"https:\/\/www.puromega.com\/sv\/bestall-subscription-without-binding-period\/","title":{"rendered":"Best\u00e4ll &#8211;  subscription without binding period"},"content":{"rendered":"","protected":false},"excerpt":{"rendered":"","protected":false},"author":1,"featured_media":0,"parent":0,"menu_order":0,"comment_status":"closed","ping_status":"closed","template":"templates\/page-order-subPeriod.php","meta":{"_acf_changed":false,"footnotes":""},"class_list":["post-21474","page","type-page","status-publish","hentry"],"acf":[],"yoast_head":"<!-- This site is optimized with the Yoast SEO plugin v27.5 - https:\/\/yoast.com\/product\/yoast-seo-wordpress\/ -->\n<title>Best\u00e4ll - subscription without binding period - PurOmega<\/title>\n<meta name=\"robots\" content=\"index, follow, max-snippet:-1, max-image-preview:large, max-video-preview:-1\" \/>\n<link rel=\"canonical\" href=\"https:\/\/www.puromega.com\/sv\/bestall-subscription-without-binding-period\/\" \/>\n<meta property=\"og:locale\" content=\"sv_SE\" \/>\n<meta property=\"og:type\" content=\"article\" \/>\n<meta property=\"og:title\" content=\"Best\u00e4ll - subscription without binding period - PurOmega\" \/>\n<meta property=\"og:url\" content=\"https:\/\/www.puromega.com\/sv\/bestall-subscription-without-binding-period\/\" \/>\n<meta property=\"og:site_name\" content=\"PurOmega\" \/>\n<meta property=\"article:modified_time\" content=\"2024-06-05T08:51:28+00:00\" \/>\n<meta name=\"twitter:card\" content=\"summary_large_image\" \/>\n<script type=\"application\/ld+json\" class=\"yoast-schema-graph\">{\"@context\":\"https:\\\/\\\/schema.org\",\"@graph\":[{\"@type\":\"WebPage\",\"@id\":\"https:\\\/\\\/www.puromega.com\\\/sv\\\/bestall-subscription-without-binding-period\\\/\",\"url\":\"https:\\\/\\\/www.puromega.com\\\/sv\\\/bestall-subscription-without-binding-period\\\/\",\"name\":\"Best\u00e4ll - subscription without binding period - PurOmega\",\"isPartOf\":{\"@id\":\"https:\\\/\\\/www.puromega.com\\\/#website\"},\"datePublished\":\"2023-01-31T11:58:19+00:00\",\"dateModified\":\"2024-06-05T08:51:28+00:00\",\"breadcrumb\":{\"@id\":\"https:\\\/\\\/www.puromega.com\\\/sv\\\/bestall-subscription-without-binding-period\\\/#breadcrumb\"},\"inLanguage\":\"sv-se\",\"potentialAction\":[{\"@type\":\"ReadAction\",\"target\":[\"https:\\\/\\\/www.puromega.com\\\/sv\\\/bestall-subscription-without-binding-period\\\/\"]}]},{\"@type\":\"BreadcrumbList\",\"@id\":\"https:\\\/\\\/www.puromega.com\\\/sv\\\/bestall-subscription-without-binding-period\\\/#breadcrumb\",\"itemListElement\":[{\"@type\":\"ListItem\",\"position\":1,\"name\":\"Forsiden\",\"item\":\"https:\\\/\\\/www.puromega.com\\\/sv\\\/\"},{\"@type\":\"ListItem\",\"position\":2,\"name\":\"Best\u00e4ll &#8211; subscription without binding period\"}]},{\"@type\":\"WebSite\",\"@id\":\"https:\\\/\\\/www.puromega.com\\\/#website\",\"url\":\"https:\\\/\\\/www.puromega.com\\\/\",\"name\":\"PurOmega\",\"description\":\"Omega-3 kapsler utviklet etter flere \u00e5rs forskning for \u00e5 oppn\u00e5 m\u00e5lsettingen om \u00e5 v\u00e6re verdens mest konsentrerte og reneste Omega-3 produkt.\",\"potentialAction\":[{\"@type\":\"SearchAction\",\"target\":{\"@type\":\"EntryPoint\",\"urlTemplate\":\"https:\\\/\\\/www.puromega.com\\\/?s={search_term_string}\"},\"query-input\":{\"@type\":\"PropertyValueSpecification\",\"valueRequired\":true,\"valueName\":\"search_term_string\"}}],\"inLanguage\":\"sv-se\"}]}<\/script>\n<!-- \/ Yoast SEO plugin. -->","yoast_head_json":{"title":"Best\u00e4ll - subscription without binding period - PurOmega","robots":{"index":"index","follow":"follow","max-snippet":"max-snippet:-1","max-image-preview":"max-image-preview:large","max-video-preview":"max-video-preview:-1"},"canonical":"https:\/\/www.puromega.com\/sv\/bestall-subscription-without-binding-period\/","og_locale":"sv_SE","og_type":"article","og_title":"Best\u00e4ll - subscription without binding period - PurOmega","og_url":"https:\/\/www.puromega.com\/sv\/bestall-subscription-without-binding-period\/","og_site_name":"PurOmega","article_modified_time":"2024-06-05T08:51:28+00:00","twitter_card":"summary_large_image","schema":{"@context":"https:\/\/schema.org","@graph":[{"@type":"WebPage","@id":"https:\/\/www.puromega.com\/sv\/bestall-subscription-without-binding-period\/","url":"https:\/\/www.puromega.com\/sv\/bestall-subscription-without-binding-period\/","name":"Best\u00e4ll - subscription without binding period - PurOmega","isPartOf":{"@id":"https:\/\/www.puromega.com\/#website"},"datePublished":"2023-01-31T11:58:19+00:00","dateModified":"2024-06-05T08:51:28+00:00","breadcrumb":{"@id":"https:\/\/www.puromega.com\/sv\/bestall-subscription-without-binding-period\/#breadcrumb"},"inLanguage":"sv-se","potentialAction":[{"@type":"ReadAction","target":["https:\/\/www.puromega.com\/sv\/bestall-subscription-without-binding-period\/"]}]},{"@type":"BreadcrumbList","@id":"https:\/\/www.puromega.com\/sv\/bestall-subscription-without-binding-period\/#breadcrumb","itemListElement":[{"@type":"ListItem","position":1,"name":"Forsiden","item":"https:\/\/www.puromega.com\/sv\/"},{"@type":"ListItem","position":2,"name":"Best\u00e4ll &#8211; subscription without binding period"}]},{"@type":"WebSite","@id":"https:\/\/www.puromega.com\/#website","url":"https:\/\/www.puromega.com\/","name":"PurOmega","description":"Omega-3 kapsler utviklet etter flere \u00e5rs forskning for \u00e5 oppn\u00e5 m\u00e5lsettingen om \u00e5 v\u00e6re verdens mest konsentrerte og reneste Omega-3 produkt.","potentialAction":[{"@type":"SearchAction","target":{"@type":"EntryPoint","urlTemplate":"https:\/\/www.puromega.com\/?s={search_term_string}"},"query-input":{"@type":"PropertyValueSpecification","valueRequired":true,"valueName":"search_term_string"}}],"inLanguage":"sv-se"}]}},"_links":{"self":[{"href":"https:\/\/www.puromega.com\/sv\/wp-json\/wp\/v2\/pages\/21474","targetHints":{"allow":["GET"]}}],"collection":[{"href":"https:\/\/www.puromega.com\/sv\/wp-json\/wp\/v2\/pages"}],"about":[{"href":"https:\/\/www.puromega.com\/sv\/wp-json\/wp\/v2\/types\/page"}],"author":[{"embeddable":true,"href":"https:\/\/www.puromega.com\/sv\/wp-json\/wp\/v2\/users\/1"}],"replies":[{"embeddable":true,"href":"https:\/\/www.puromega.com\/sv\/wp-json\/wp\/v2\/comments?post=21474"}],"version-history":[{"count":3,"href":"https:\/\/www.puromega.com\/sv\/wp-json\/wp\/v2\/pages\/21474\/revisions"}],"predecessor-version":[{"id":23942,"href":"https:\/\/www.puromega.com\/sv\/wp-json\/wp\/v2\/pages\/21474\/revisions\/23942"}],"wp:attachment":[{"href":"https:\/\/www.puromega.com\/sv\/wp-json\/wp\/v2\/media?parent=21474"}],"curies":[{"name":"wp","href":"https:\/\/api.w.org\/{rel}","templated":true}]}}