{"id":7,"date":"2019-06-03T06:57:41","date_gmt":"2019-06-03T06:57:41","guid":{"rendered":"https:\/\/www.puromega.com?page_id=7"},"modified":"2021-02-08T10:38:45","modified_gmt":"2021-02-08T10:38:45","slug":"forside","status":"publish","type":"page","link":"https:\/\/www.puromega.com\/sv\/","title":{"rendered":"F\u00f6rstasida"},"content":{"rendered":"\n<h4>PurOmega 95% \u00e4r certifierat av Friend of the Sea<\/h4>\n\n<div class=\"wp-block-image\"><figure class=\"alignright\"><img decoding=\"async\" loading=\"lazy\" width=\"120\" height=\"121\" src=\"https:\/\/www.puromega.com\/wp-content\/uploads\/2019\/06\/sea-friend.png\" alt=\"\" class=\"wp-image-231\" srcset=\"https:\/\/www.puromega.com\/wp-content\/uploads\/2019\/06\/sea-friend.png 120w, https:\/\/www.puromega.com\/wp-content\/uploads\/2019\/06\/sea-friend-100x100.png 100w\" sizes=\"(max-width: 120px) 100vw, 120px\" \/><\/figure><\/div>\n\n<p>Friends of the Sea har blivit det ledande certifieringsorganet f\u00f6r produkter och tj\u00e4nster som respekterar och skyddar havsmilj\u00f6n. Certifiering tilldelas produkter som kommer fr\u00e5n h\u00e5llbart fiske och akvakultur, bland annat fiskmj\u00f6l och omega-e-fiskolja.<\/p>\n\n<p><em>*Omega-3-fettsyrorna EPA och DHA bidrar till hj\u00e4rtats normala funktion. Bra effekt uppn\u00e5s vid ett dagligt intag av 250 mg EPA och DHA. Omega-3 fettsyran DHA bidrar till att uppr\u00e4tth\u00e5lla en normal hj\u00e4rnfunktion och syn. Bra effekt uppn\u00e5s vid ett dagligt intag av 250 mg DHA. Vitamin D bidrar till normal muskelfunktion, immunf\u00f6rsvaret, normala t\u00e4nder och normal benstomme.<\/em><\/p>\n","protected":false},"excerpt":{"rendered":"<p>PurOmega 95% \u00e4r certifierat av Friend of the Sea Friends of the Sea har blivit det ledande certifieringsorganet f\u00f6r produkter och tj\u00e4nster som respekterar och skyddar havsmilj\u00f6n. Certifiering tilldelas produkter som kommer fr\u00e5n h\u00e5llbart fiske och akvakultur, bland annat fiskmj\u00f6l och omega-e-fiskolja. *Omega-3-fettsyrorna EPA och DHA bidrar till hj\u00e4rtats normala funktion. Bra effekt uppn\u00e5s vid [&hellip;]<\/p>\n","protected":false},"author":1,"featured_media":0,"parent":0,"menu_order":0,"comment_status":"closed","ping_status":"closed","template":"templates\/page-alternativeHome.php","meta":[],"acf":[],"yoast_head":"<!-- This site is optimized with the Yoast SEO plugin v20.1 - https:\/\/yoast.com\/wordpress\/plugins\/seo\/ -->\n<title>PurOmega 95% \u2013 H\u00f6gkoncentrerad omega-3 - PurOmega<\/title>\n<meta name=\"description\" content=\"Omega-3-kapslar som efter flera \u00e5rs forskning och utveckling uppfyller m\u00e5let att vara v\u00e4rldens mest koncentrerade och rena Omega-3-produkt.\" \/>\n<meta name=\"robots\" content=\"index, follow, max-snippet:-1, max-image-preview:large, max-video-preview:-1\" \/>\n<link rel=\"canonical\" href=\"https:\/\/www.puromega.com\/sv\/\" \/>\n<meta property=\"og:locale\" content=\"sv_SE\" \/>\n<meta property=\"og:type\" content=\"article\" \/>\n<meta property=\"og:title\" content=\"PurOmega 95% \u2013 H\u00f6gkoncentrerad omega-3 - PurOmega\" \/>\n<meta property=\"og:description\" content=\"Omega-3-kapslar som efter flera \u00e5rs forskning och utveckling uppfyller m\u00e5let att vara v\u00e4rldens mest koncentrerade och rena Omega-3-produkt.\" \/>\n<meta property=\"og:url\" content=\"https:\/\/www.puromega.com\/sv\/\" \/>\n<meta property=\"og:site_name\" content=\"PurOmega\" \/>\n<meta property=\"article:modified_time\" content=\"2021-02-08T10:38:45+00:00\" \/>\n<meta property=\"og:image\" content=\"https:\/\/www.puromega.com\/wp-content\/uploads\/2019\/06\/sea-friend.png\" \/>\n<meta name=\"twitter:card\" content=\"summary_large_image\" \/>\n<meta name=\"twitter:label1\" content=\"Est. reading time\" \/>\n\t<meta name=\"twitter:data1\" content=\"1 minute\" \/>\n<script type=\"application\/ld+json\" class=\"yoast-schema-graph\">{\"@context\":\"https:\/\/schema.org\",\"@graph\":[{\"@type\":\"WebPage\",\"@id\":\"https:\/\/www.puromega.com\/sv\/\",\"url\":\"https:\/\/www.puromega.com\/sv\/\",\"name\":\"PurOmega 95% \u2013 H\u00f6gkoncentrerad omega-3 - PurOmega\",\"isPartOf\":{\"@id\":\"https:\/\/www.puromega.com\/#website\"},\"datePublished\":\"2019-06-03T06:57:41+00:00\",\"dateModified\":\"2021-02-08T10:38:45+00:00\",\"description\":\"Omega-3-kapslar som efter flera \u00e5rs forskning och utveckling uppfyller m\u00e5let att vara v\u00e4rldens mest koncentrerade och rena Omega-3-produkt.\",\"breadcrumb\":{\"@id\":\"https:\/\/www.puromega.com\/sv\/#breadcrumb\"},\"inLanguage\":\"sv-se\",\"potentialAction\":[{\"@type\":\"ReadAction\",\"target\":[\"https:\/\/www.puromega.com\/sv\/\"]}]},{\"@type\":\"BreadcrumbList\",\"@id\":\"https:\/\/www.puromega.com\/sv\/#breadcrumb\",\"itemListElement\":[{\"@type\":\"ListItem\",\"position\":1,\"name\":\"Forsiden\",\"item\":\"https:\/\/www.puromega.com\/sv\/\"},{\"@type\":\"ListItem\",\"position\":2,\"name\":\"F\u00f6rstasida\"}]},{\"@type\":\"WebSite\",\"@id\":\"https:\/\/www.puromega.com\/#website\",\"url\":\"https:\/\/www.puromega.com\/\",\"name\":\"PurOmega\",\"description\":\"Omega-3 kapsler utviklet etter flere \u00e5rs forskning for \u00e5 oppn\u00e5 m\u00e5lsettingen om \u00e5 v\u00e6re verdens mest konsentrerte og reneste Omega-3 produkt.\",\"potentialAction\":[{\"@type\":\"SearchAction\",\"target\":{\"@type\":\"EntryPoint\",\"urlTemplate\":\"https:\/\/www.puromega.com\/?s={search_term_string}\"},\"query-input\":\"required name=search_term_string\"}],\"inLanguage\":\"sv-se\"}]}<\/script>\n<!-- \/ Yoast SEO plugin. -->","yoast_head_json":{"title":"PurOmega 95% \u2013 H\u00f6gkoncentrerad omega-3 - PurOmega","description":"Omega-3-kapslar som efter flera \u00e5rs forskning och utveckling uppfyller m\u00e5let att vara v\u00e4rldens mest koncentrerade och rena Omega-3-produkt.","robots":{"index":"index","follow":"follow","max-snippet":"max-snippet:-1","max-image-preview":"max-image-preview:large","max-video-preview":"max-video-preview:-1"},"canonical":"https:\/\/www.puromega.com\/sv\/","og_locale":"sv_SE","og_type":"article","og_title":"PurOmega 95% \u2013 H\u00f6gkoncentrerad omega-3 - PurOmega","og_description":"Omega-3-kapslar som efter flera \u00e5rs forskning och utveckling uppfyller m\u00e5let att vara v\u00e4rldens mest koncentrerade och rena Omega-3-produkt.","og_url":"https:\/\/www.puromega.com\/sv\/","og_site_name":"PurOmega","article_modified_time":"2021-02-08T10:38:45+00:00","og_image":[{"url":"https:\/\/www.puromega.com\/wp-content\/uploads\/2019\/06\/sea-friend.png"}],"twitter_card":"summary_large_image","twitter_misc":{"Est. reading time":"1 minute"},"schema":{"@context":"https:\/\/schema.org","@graph":[{"@type":"WebPage","@id":"https:\/\/www.puromega.com\/sv\/","url":"https:\/\/www.puromega.com\/sv\/","name":"PurOmega 95% \u2013 H\u00f6gkoncentrerad omega-3 - PurOmega","isPartOf":{"@id":"https:\/\/www.puromega.com\/#website"},"datePublished":"2019-06-03T06:57:41+00:00","dateModified":"2021-02-08T10:38:45+00:00","description":"Omega-3-kapslar som efter flera \u00e5rs forskning och utveckling uppfyller m\u00e5let att vara v\u00e4rldens mest koncentrerade och rena Omega-3-produkt.","breadcrumb":{"@id":"https:\/\/www.puromega.com\/sv\/#breadcrumb"},"inLanguage":"sv-se","potentialAction":[{"@type":"ReadAction","target":["https:\/\/www.puromega.com\/sv\/"]}]},{"@type":"BreadcrumbList","@id":"https:\/\/www.puromega.com\/sv\/#breadcrumb","itemListElement":[{"@type":"ListItem","position":1,"name":"Forsiden","item":"https:\/\/www.puromega.com\/sv\/"},{"@type":"ListItem","position":2,"name":"F\u00f6rstasida"}]},{"@type":"WebSite","@id":"https:\/\/www.puromega.com\/#website","url":"https:\/\/www.puromega.com\/","name":"PurOmega","description":"Omega-3 kapsler utviklet etter flere \u00e5rs forskning for \u00e5 oppn\u00e5 m\u00e5lsettingen om \u00e5 v\u00e6re verdens mest konsentrerte og reneste Omega-3 produkt.","potentialAction":[{"@type":"SearchAction","target":{"@type":"EntryPoint","urlTemplate":"https:\/\/www.puromega.com\/?s={search_term_string}"},"query-input":"required name=search_term_string"}],"inLanguage":"sv-se"}]}},"_links":{"self":[{"href":"https:\/\/www.puromega.com\/sv\/wp-json\/wp\/v2\/pages\/7"}],"collection":[{"href":"https:\/\/www.puromega.com\/sv\/wp-json\/wp\/v2\/pages"}],"about":[{"href":"https:\/\/www.puromega.com\/sv\/wp-json\/wp\/v2\/types\/page"}],"author":[{"embeddable":true,"href":"https:\/\/www.puromega.com\/sv\/wp-json\/wp\/v2\/users\/1"}],"replies":[{"embeddable":true,"href":"https:\/\/www.puromega.com\/sv\/wp-json\/wp\/v2\/comments?post=7"}],"version-history":[{"count":3,"href":"https:\/\/www.puromega.com\/sv\/wp-json\/wp\/v2\/pages\/7\/revisions"}],"predecessor-version":[{"id":14954,"href":"https:\/\/www.puromega.com\/sv\/wp-json\/wp\/v2\/pages\/7\/revisions\/14954"}],"wp:attachment":[{"href":"https:\/\/www.puromega.com\/sv\/wp-json\/wp\/v2\/media?parent=7"}],"curies":[{"name":"wp","href":"https:\/\/api.w.org\/{rel}","templated":true}]}}