{"id":21406,"date":"2023-01-31T10:34:15","date_gmt":"2023-01-31T10:34:15","guid":{"rendered":"https:\/\/www.puromega.com\/?post_type=product&#038;p=21406"},"modified":"2023-01-31T10:34:15","modified_gmt":"2023-01-31T10:34:15","slug":"omega-3-test-kit","status":"publish","type":"product","link":"https:\/\/www.puromega.com\/sv\/product\/omega-3-test-kit\/","title":{"rendered":"Omega-3 Test Kit"},"content":{"rendered":"","protected":false},"excerpt":{"rendered":"","protected":false},"featured_media":0,"comment_status":"open","ping_status":"closed","template":"","meta":[],"product_cat":[29],"product_tag":[],"acf":[],"yoast_head":"<!-- This site is optimized with the Yoast SEO plugin v20.1 - https:\/\/yoast.com\/wordpress\/plugins\/seo\/ -->\n<title>Omega-3 Test Kit - PurOmega<\/title>\n<meta name=\"robots\" content=\"noindex, follow\" \/>\n<meta property=\"og:locale\" content=\"sv_SE\" \/>\n<meta property=\"og:type\" content=\"article\" \/>\n<meta property=\"og:title\" content=\"Omega-3 Test Kit - PurOmega\" \/>\n<meta property=\"og:url\" content=\"https:\/\/www.puromega.com\/product\/omega-3-test-kit\/\" \/>\n<meta property=\"og:site_name\" content=\"PurOmega\" \/>\n<meta name=\"twitter:card\" content=\"summary_large_image\" \/>\n<script type=\"application\/ld+json\" class=\"yoast-schema-graph\">{\"@context\":\"https:\/\/schema.org\",\"@graph\":[{\"@type\":\"WebPage\",\"@id\":\"https:\/\/www.puromega.com\/product\/omega-3-test-kit\/\",\"url\":\"https:\/\/www.puromega.com\/product\/omega-3-test-kit\/\",\"name\":\"Omega-3 Test Kit - PurOmega\",\"isPartOf\":{\"@id\":\"https:\/\/www.puromega.com\/#website\"},\"datePublished\":\"2023-01-31T10:34:15+00:00\",\"dateModified\":\"2023-01-31T10:34:15+00:00\",\"breadcrumb\":{\"@id\":\"https:\/\/www.puromega.com\/product\/omega-3-test-kit\/#breadcrumb\"},\"inLanguage\":\"sv-se\",\"potentialAction\":[{\"@type\":\"ReadAction\",\"target\":[\"https:\/\/www.puromega.com\/product\/omega-3-test-kit\/\"]}]},{\"@type\":\"BreadcrumbList\",\"@id\":\"https:\/\/www.puromega.com\/product\/omega-3-test-kit\/#breadcrumb\",\"itemListElement\":[{\"@type\":\"ListItem\",\"position\":1,\"name\":\"Forsiden\",\"item\":\"https:\/\/www.puromega.com\/sv\/\"},{\"@type\":\"ListItem\",\"position\":2,\"name\":\"Omega-3 Test Kit\"}]},{\"@type\":\"WebSite\",\"@id\":\"https:\/\/www.puromega.com\/#website\",\"url\":\"https:\/\/www.puromega.com\/\",\"name\":\"PurOmega\",\"description\":\"Omega-3 kapsler utviklet etter flere \u00e5rs forskning for \u00e5 oppn\u00e5 m\u00e5lsettingen om \u00e5 v\u00e6re verdens mest konsentrerte og reneste Omega-3 produkt.\",\"potentialAction\":[{\"@type\":\"SearchAction\",\"target\":{\"@type\":\"EntryPoint\",\"urlTemplate\":\"https:\/\/www.puromega.com\/?s={search_term_string}\"},\"query-input\":\"required name=search_term_string\"}],\"inLanguage\":\"sv-se\"}]}<\/script>\n<!-- \/ Yoast SEO plugin. -->","yoast_head_json":{"title":"Omega-3 Test Kit - PurOmega","robots":{"index":"noindex","follow":"follow"},"og_locale":"sv_SE","og_type":"article","og_title":"Omega-3 Test Kit - PurOmega","og_url":"https:\/\/www.puromega.com\/product\/omega-3-test-kit\/","og_site_name":"PurOmega","twitter_card":"summary_large_image","schema":{"@context":"https:\/\/schema.org","@graph":[{"@type":"WebPage","@id":"https:\/\/www.puromega.com\/product\/omega-3-test-kit\/","url":"https:\/\/www.puromega.com\/product\/omega-3-test-kit\/","name":"Omega-3 Test Kit - PurOmega","isPartOf":{"@id":"https:\/\/www.puromega.com\/#website"},"datePublished":"2023-01-31T10:34:15+00:00","dateModified":"2023-01-31T10:34:15+00:00","breadcrumb":{"@id":"https:\/\/www.puromega.com\/product\/omega-3-test-kit\/#breadcrumb"},"inLanguage":"sv-se","potentialAction":[{"@type":"ReadAction","target":["https:\/\/www.puromega.com\/product\/omega-3-test-kit\/"]}]},{"@type":"BreadcrumbList","@id":"https:\/\/www.puromega.com\/product\/omega-3-test-kit\/#breadcrumb","itemListElement":[{"@type":"ListItem","position":1,"name":"Forsiden","item":"https:\/\/www.puromega.com\/sv\/"},{"@type":"ListItem","position":2,"name":"Omega-3 Test Kit"}]},{"@type":"WebSite","@id":"https:\/\/www.puromega.com\/#website","url":"https:\/\/www.puromega.com\/","name":"PurOmega","description":"Omega-3 kapsler utviklet etter flere \u00e5rs forskning for \u00e5 oppn\u00e5 m\u00e5lsettingen om \u00e5 v\u00e6re verdens mest konsentrerte og reneste Omega-3 produkt.","potentialAction":[{"@type":"SearchAction","target":{"@type":"EntryPoint","urlTemplate":"https:\/\/www.puromega.com\/?s={search_term_string}"},"query-input":"required name=search_term_string"}],"inLanguage":"sv-se"}]}},"_links":{"self":[{"href":"https:\/\/www.puromega.com\/sv\/wp-json\/wp\/v2\/product\/21406"}],"collection":[{"href":"https:\/\/www.puromega.com\/sv\/wp-json\/wp\/v2\/product"}],"about":[{"href":"https:\/\/www.puromega.com\/sv\/wp-json\/wp\/v2\/types\/product"}],"replies":[{"embeddable":true,"href":"https:\/\/www.puromega.com\/sv\/wp-json\/wp\/v2\/comments?post=21406"}],"wp:attachment":[{"href":"https:\/\/www.puromega.com\/sv\/wp-json\/wp\/v2\/media?parent=21406"}],"wp:term":[{"taxonomy":"product_cat","embeddable":true,"href":"https:\/\/www.puromega.com\/sv\/wp-json\/wp\/v2\/product_cat?post=21406"},{"taxonomy":"product_tag","embeddable":true,"href":"https:\/\/www.puromega.com\/sv\/wp-json\/wp\/v2\/product_tag?post=21406"}],"curies":[{"name":"wp","href":"https:\/\/api.w.org\/{rel}","templated":true}]}}